{"id":125,"date":"2024-08-25T14:40:17","date_gmt":"2024-08-25T14:40:17","guid":{"rendered":"https:\/\/mujeresradiantes.ca\/?page_id=125"},"modified":"2026-02-16T20:34:52","modified_gmt":"2026-02-16T20:34:52","slug":"sobre","status":"publish","type":"page","link":"https:\/\/mujeresradiantes.ca\/en_ca\/sobre\/","title":{"rendered":"About us"},"content":{"rendered":"<div data-elementor-type=\"wp-page\" data-elementor-id=\"125\" class=\"elementor elementor-125\" data-elementor-post-type=\"page\">\n\t\t\t\t<div class=\"elementor-element elementor-element-4cf62be9 e-flex e-con-boxed e-con e-parent\" data-id=\"4cf62be9\" data-element_type=\"container\" data-e-type=\"container\">\n\t\t\t\t\t<div class=\"e-con-inner\">\n\t\t\t\t<div class=\"elementor-element elementor-element-4f538497 elementor-widget elementor-widget-text-editor\" data-id=\"4f538497\" data-element_type=\"widget\" data-e-type=\"widget\" data-widget_type=\"text-editor.default\">\n\t\t\t\t<div class=\"elementor-widget-container\">\n\t\t\t\t\t\t\t\t\t\n<p><strong>Leydi Campos Canadian Women\u00b4s Foundation Inc. <\/strong>is a ministry dedicated to teaching biblical womanhood. Our purpose is to create a space where women of all ages and backgrounds can find fulfillment, freedom and fruitfulness in Christ. We believe that every woman has a unique calling in her life, and that Scripture has the wisdom and direction to walk with purpose and faith.<\/p>\n\n\n\n<p><\/p>\n\n\n\n<div class=\"wp-block-group is-layout-grid wp-container-core-group-is-layout-478b6e6b wp-block-group-is-layout-grid\">\n<div class=\"wp-block-columns is-layout-flex wp-container-core-columns-is-layout-28f84493 wp-block-columns-is-layout-flex\">\n<div class=\"wp-block-column is-layout-flow wp-block-column-is-layout-flow\" style=\"flex-basis:100%\"><\/div>\n<\/div>\n<\/div>\n\n\n\n<p><\/p>\n\t\t\t\t\t\t\t\t<\/div>\n\t\t\t\t<\/div>\n\t\t\t\t\t<\/div>\n\t\t\t\t<\/div>\n\t\t<div class=\"elementor-element elementor-element-b652764 e-flex e-con-boxed e-con e-parent\" data-id=\"b652764\" data-element_type=\"container\" data-e-type=\"container\">\n\t\t\t\t\t<div class=\"e-con-inner\">\n\t\t\t\t<div class=\"elementor-element elementor-element-75bc1f9 elementor-widget elementor-widget-heading\" data-id=\"75bc1f9\" data-element_type=\"widget\" data-e-type=\"widget\" data-widget_type=\"heading.default\">\n\t\t\t\t<div class=\"elementor-widget-container\">\n\t\t\t\t\t<h2 class=\"elementor-heading-title elementor-size-default\">Our Purposes<\/h2>\t\t\t\t<\/div>\n\t\t\t\t<\/div>\n\t\t\t\t\t<\/div>\n\t\t\t\t<\/div>\n\t\t<div class=\"elementor-element elementor-element-3bf2c28 e-flex e-con-boxed e-con e-parent\" data-id=\"3bf2c28\" data-element_type=\"container\" data-e-type=\"container\">\n\t\t\t\t\t<div class=\"e-con-inner\">\n\t\t\t\t<div class=\"elementor-element elementor-element-b868d3e elementor-widget elementor-widget-text-editor\" data-id=\"b868d3e\" data-element_type=\"widget\" data-e-type=\"widget\" data-widget_type=\"text-editor.default\">\n\t\t\t\t<div class=\"elementor-widget-container\">\n\t\t\t\t\t\t\t\t\t<ul>\n<li><span style=\"text-align: var(--text-align);\">To advance and promote Christianity, its observances and practices associated with \nsound doctrine, among Hispanic and Canadian women through the preaching and teaching \nof biblical womanhood.<\/span><\/li>\n<li>To instruct, edify and transform women with biblical teachings so that they may be better \nwives, mothers, grandmothers, sisters, so that they may live in fullness, freedom and \nabundance in Christ.<\/li>\n<li>The promotion of women's human rights through the dissemination of evangelistic \nbiblical messages.<br><\/li><li>To propagate Christianity and human rights by means of Christian broadcasting through \nthe Internet and by carrying out the following activities.<br><\/li>\n<\/ul>\t\t\t\t\t\t\t\t<\/div>\n\t\t\t\t<\/div>\n\t\t\t\t\t<\/div>\n\t\t\t\t<\/div>\n\t\t\t\t<\/div>","protected":false},"excerpt":{"rendered":"<p>Leydi Campos Canadian Women\u00b4s Foundation Inc. es un ministerio dedicado a ense\u00f1ar la feminidad b\u00edblica. Nuestro prop\u00f3sito es crear un espacio donde las mujeres de todas las edades y trasfondos puedan encontrar plenitud, libertad y abundancia en Cristo. Creemos que cada mujer tiene un llamado \u00fanico en su vida, y que la Escritura ofrece sabidur\u00eda [&hellip;]<\/p>\n","protected":false},"author":1,"featured_media":0,"parent":0,"menu_order":0,"comment_status":"closed","ping_status":"closed","template":"","meta":{"give_campaign_id":0,"_themeisle_gutenberg_block_has_review":false,"footnotes":""},"class_list":["post-125","page","type-page","status-publish","hentry"],"campaignId":"","_links":{"self":[{"href":"https:\/\/mujeresradiantes.ca\/en_ca\/wp-json\/wp\/v2\/pages\/125","targetHints":{"allow":["GET"]}}],"collection":[{"href":"https:\/\/mujeresradiantes.ca\/en_ca\/wp-json\/wp\/v2\/pages"}],"about":[{"href":"https:\/\/mujeresradiantes.ca\/en_ca\/wp-json\/wp\/v2\/types\/page"}],"author":[{"embeddable":true,"href":"https:\/\/mujeresradiantes.ca\/en_ca\/wp-json\/wp\/v2\/users\/1"}],"replies":[{"embeddable":true,"href":"https:\/\/mujeresradiantes.ca\/en_ca\/wp-json\/wp\/v2\/comments?post=125"}],"version-history":[{"count":25,"href":"https:\/\/mujeresradiantes.ca\/en_ca\/wp-json\/wp\/v2\/pages\/125\/revisions"}],"predecessor-version":[{"id":3282,"href":"https:\/\/mujeresradiantes.ca\/en_ca\/wp-json\/wp\/v2\/pages\/125\/revisions\/3282"}],"wp:attachment":[{"href":"https:\/\/mujeresradiantes.ca\/en_ca\/wp-json\/wp\/v2\/media?parent=125"}],"curies":[{"name":"wp","href":"https:\/\/api.w.org\/{rel}","templated":true}]}}