{"id":1453,"date":"2025-01-28T15:22:34","date_gmt":"2025-01-28T15:22:34","guid":{"rendered":"https:\/\/mujeresradiantes.ca\/?page_id=1453"},"modified":"2026-04-21T22:14:55","modified_gmt":"2026-04-21T22:14:55","slug":"estudios-escritos","status":"publish","type":"page","link":"https:\/\/mujeresradiantes.ca\/en_ca\/estudios-escritos\/","title":{"rendered":"Mercy and Donations"},"content":{"rendered":"<div data-elementor-type=\"wp-page\" data-elementor-id=\"1453\" class=\"elementor elementor-1453\" data-elementor-post-type=\"page\">\n\t\t\t\t<div class=\"elementor-element elementor-element-9531eea e-con-full e-flex e-con e-parent\" data-id=\"9531eea\" data-element_type=\"container\" data-e-type=\"container\">\n\t\t<div class=\"elementor-element elementor-element-2034a2c e-con-full e-flex e-con e-child\" data-id=\"2034a2c\" data-element_type=\"container\" data-e-type=\"container\">\n\t\t\t\t<div class=\"elementor-element elementor-element-629e340 elementor-widget__width-initial elementor-widget elementor-widget-video\" data-id=\"629e340\" data-element_type=\"widget\" data-e-type=\"widget\" data-settings=\"{&quot;video_type&quot;:&quot;hosted&quot;,&quot;controls&quot;:&quot;yes&quot;}\" data-widget_type=\"video.default\">\n\t\t\t\t<div class=\"elementor-widget-container\">\n\t\t\t\t\t\t\t<div class=\"e-hosted-video elementor-wrapper elementor-open-inline\">\n\t\t\t\t\t<video class=\"elementor-video\" src=\"https:\/\/mujeresradiantes.ca\/wp-content\/uploads\/2026\/04\/Donacion-desde-Canada.mp4\" controls=\"\" preload=\"metadata\" controlslist=\"nodownload\"><\/video>\n\t\t\t\t<\/div>\n\t\t\t\t\t\t<\/div>\n\t\t\t\t<\/div>\n\t\t\t\t<\/div>\n\t\t<div class=\"elementor-element elementor-element-1c99314 e-con-full e-flex e-con e-child\" data-id=\"1c99314\" data-element_type=\"container\" data-e-type=\"container\" data-settings=\"{&quot;background_background&quot;:&quot;classic&quot;}\">\n\t\t\t\t<div class=\"elementor-element elementor-element-022311b elementor-widget elementor-widget-text-editor\" data-id=\"022311b\" data-element_type=\"widget\" data-e-type=\"widget\" data-widget_type=\"text-editor.default\">\n\t\t\t\t<div class=\"elementor-widget-container\">\n\t\t\t\t\t\t\t\t\t<p style=\"text-align: left;\"><em class=\"eujQNb\" data-sfc-root=\"c\" data-sfc-cb=\"\" data-processed=\"true\">&#8220;La Fundaci\u00f3n &#8220;Leydi Campos Canadian Women\u00b4s Foundation Inc.&#8221; ha llevado a cabo una entrega especial de Biblias en M\u00e9xico y Cuba. Esta iniciativa no solo busca entregar un libro, sino ofrecer esperanza y fortaleza a las familias. Cada Biblia fue recibida con alegr\u00eda, representando una nueva oportunidad para el estudio b\u00edblico y el crecimiento espiritual de los participantes&#8221;<\/em>.<\/p>\t\t\t\t\t\t\t\t<\/div>\n\t\t\t\t<\/div>\n\t\t\t\t<\/div>\n\t\t\t\t<\/div>\n\t\t<div class=\"elementor-element elementor-element-ad35900 e-flex e-con-boxed e-con e-parent\" data-id=\"ad35900\" data-element_type=\"container\" data-e-type=\"container\">\n\t\t\t\t\t<div class=\"e-con-inner\">\n\t\t\t\t<div class=\"elementor-element elementor-element-edf94b4 elementor-widget elementor-widget-spacer\" data-id=\"edf94b4\" data-element_type=\"widget\" data-e-type=\"widget\" data-widget_type=\"spacer.default\">\n\t\t\t\t<div class=\"elementor-widget-container\">\n\t\t\t\t\t\t\t<div class=\"elementor-spacer\">\n\t\t\t<div class=\"elementor-spacer-inner\"><\/div>\n\t\t<\/div>\n\t\t\t\t\t\t<\/div>\n\t\t\t\t<\/div>\n\t\t\t\t\t<\/div>\n\t\t\t\t<\/div>\n\t\t<div class=\"elementor-element elementor-element-63158b4 e-con-full e-flex e-con e-parent\" data-id=\"63158b4\" data-element_type=\"container\" data-e-type=\"container\">\n\t\t\t\t<div class=\"elementor-element elementor-element-f9a0762 elementor-arrows-position-inside elementor-pagination-position-outside elementor-widget elementor-widget-image-carousel\" data-id=\"f9a0762\" data-element_type=\"widget\" data-e-type=\"widget\" data-settings=\"{&quot;slides_to_show&quot;:&quot;5&quot;,&quot;slides_to_scroll&quot;:&quot;4&quot;,&quot;image_spacing_custom&quot;:{&quot;unit&quot;:&quot;px&quot;,&quot;size&quot;:0,&quot;sizes&quot;:[]},&quot;navigation&quot;:&quot;both&quot;,&quot;autoplay&quot;:&quot;yes&quot;,&quot;pause_on_hover&quot;:&quot;yes&quot;,&quot;pause_on_interaction&quot;:&quot;yes&quot;,&quot;autoplay_speed&quot;:5000,&quot;infinite&quot;:&quot;yes&quot;,&quot;speed&quot;:500,&quot;image_spacing_custom_tablet&quot;:{&quot;unit&quot;:&quot;px&quot;,&quot;size&quot;:&quot;&quot;,&quot;sizes&quot;:[]},&quot;image_spacing_custom_mobile&quot;:{&quot;unit&quot;:&quot;px&quot;,&quot;size&quot;:&quot;&quot;,&quot;sizes&quot;:[]}}\" data-widget_type=\"image-carousel.default\">\n\t\t\t\t<div class=\"elementor-widget-container\">\n\t\t\t\t\t\t\t<div class=\"elementor-image-carousel-wrapper swiper\" role=\"region\" aria-roledescription=\"carousel\" aria-label=\"Image Carousel\" dir=\"ltr\">\n\t\t\t<div class=\"elementor-image-carousel swiper-wrapper\" aria-live=\"off\">\n\t\t\t\t\t\t\t\t<div class=\"swiper-slide\" role=\"group\" aria-roledescription=\"slide\" aria-label=\"1 de 18\"><figure class=\"swiper-slide-inner\"><img decoding=\"async\" class=\"swiper-slide-image\" src=\"https:\/\/mujeresradiantes.ca\/wp-content\/uploads\/2026\/04\/F04FF0A6-0B14-44FC-B5E6-EFAD31465295-1-300x457.jpg\" alt=\"F04FF0A6-0B14-44FC-B5E6-EFAD31465295 (1)\" \/><\/figure><\/div><div class=\"swiper-slide\" role=\"group\" aria-roledescription=\"slide\" aria-label=\"2 de 18\"><figure class=\"swiper-slide-inner\"><img decoding=\"async\" class=\"swiper-slide-image\" src=\"https:\/\/mujeresradiantes.ca\/wp-content\/uploads\/2026\/04\/6b0c23f2-1cd6-424b-96ba-390757ea8420-1-300x457.jpg\" alt=\"6b0c23f2-1cd6-424b-96ba-390757ea8420 (1)\" \/><\/figure><\/div><div class=\"swiper-slide\" role=\"group\" aria-roledescription=\"slide\" aria-label=\"3 de 18\"><figure class=\"swiper-slide-inner\"><img decoding=\"async\" class=\"swiper-slide-image\" src=\"https:\/\/mujeresradiantes.ca\/wp-content\/uploads\/2026\/04\/2DCD5D7C-DAFA-4108-9C48-3670FF6CE513-1-300x457.jpg\" alt=\"2DCD5D7C-DAFA-4108-9C48-3670FF6CE513 (1)\" \/><\/figure><\/div><div class=\"swiper-slide\" role=\"group\" aria-roledescription=\"slide\" aria-label=\"4 de 18\"><figure class=\"swiper-slide-inner\"><img decoding=\"async\" class=\"swiper-slide-image\" src=\"https:\/\/mujeresradiantes.ca\/wp-content\/uploads\/2026\/04\/621174a3-a245-4b64-bdef-3665facd36ea-1-300x457.jpg\" alt=\"621174a3-a245-4b64-bdef-3665facd36ea (1)\" \/><\/figure><\/div><div class=\"swiper-slide\" role=\"group\" aria-roledescription=\"slide\" aria-label=\"5 de 18\"><figure class=\"swiper-slide-inner\"><img decoding=\"async\" class=\"swiper-slide-image\" src=\"https:\/\/mujeresradiantes.ca\/wp-content\/uploads\/2026\/04\/Un-ataque-a-la-feminidad-Tu-historia-300x457.png\" alt=\"Un ataque a la feminidad (Tu historia)\" \/><\/figure><\/div><div class=\"swiper-slide\" role=\"group\" aria-roledescription=\"slide\" aria-label=\"6 de 18\"><figure class=\"swiper-slide-inner\"><img decoding=\"async\" class=\"swiper-slide-image\" src=\"https:\/\/mujeresradiantes.ca\/wp-content\/uploads\/2026\/04\/BE6C6719-CC49-4E85-9494-1955570FC601-1-300x457.jpg\" alt=\"BE6C6719-CC49-4E85-9494-1955570FC601 (1)\" \/><\/figure><\/div><div class=\"swiper-slide\" role=\"group\" aria-roledescription=\"slide\" aria-label=\"7 de 18\"><figure class=\"swiper-slide-inner\"><img decoding=\"async\" class=\"swiper-slide-image\" src=\"https:\/\/mujeresradiantes.ca\/wp-content\/uploads\/2026\/04\/4937C4A1-F20F-4348-B6F3-385F0BB301C4-1-300x457.jpg\" alt=\"4937C4A1-F20F-4348-B6F3-385F0BB301C4 (1)\" \/><\/figure><\/div><div class=\"swiper-slide\" role=\"group\" aria-roledescription=\"slide\" aria-label=\"8 de 18\"><figure class=\"swiper-slide-inner\"><img decoding=\"async\" class=\"swiper-slide-image\" src=\"https:\/\/mujeresradiantes.ca\/wp-content\/uploads\/2026\/04\/2C8D01B0-05A2-4044-B968-FA0B4C92A1F3-1-300x457.jpg\" alt=\"2C8D01B0-05A2-4044-B968-FA0B4C92A1F3 (1)\" \/><\/figure><\/div><div class=\"swiper-slide\" role=\"group\" aria-roledescription=\"slide\" aria-label=\"9 de 18\"><figure class=\"swiper-slide-inner\"><img decoding=\"async\" class=\"swiper-slide-image\" src=\"https:\/\/mujeresradiantes.ca\/wp-content\/uploads\/2026\/04\/744D6F0E-8862-4FD3-9704-F236398171CA-1-300x457.jpg\" alt=\"744D6F0E-8862-4FD3-9704-F236398171CA (1)\" \/><\/figure><\/div><div class=\"swiper-slide\" role=\"group\" aria-roledescription=\"slide\" aria-label=\"10 de 18\"><figure class=\"swiper-slide-inner\"><img decoding=\"async\" class=\"swiper-slide-image\" src=\"https:\/\/mujeresradiantes.ca\/wp-content\/uploads\/2026\/04\/172b3e83-23fc-4f74-901b-39943e0c9a8a-1-300x457.jpg\" alt=\"172b3e83-23fc-4f74-901b-39943e0c9a8a (1)\" \/><\/figure><\/div><div class=\"swiper-slide\" role=\"group\" aria-roledescription=\"slide\" aria-label=\"11 de 18\"><figure class=\"swiper-slide-inner\"><img decoding=\"async\" class=\"swiper-slide-image\" src=\"https:\/\/mujeresradiantes.ca\/wp-content\/uploads\/2026\/04\/3C960D70-79A7-4F4A-97BE-5A1312DC3E95-1-300x457.jpg\" alt=\"3C960D70-79A7-4F4A-97BE-5A1312DC3E95 (1)\" \/><\/figure><\/div><div class=\"swiper-slide\" role=\"group\" aria-roledescription=\"slide\" aria-label=\"12 de 18\"><figure class=\"swiper-slide-inner\"><img decoding=\"async\" class=\"swiper-slide-image\" src=\"https:\/\/mujeresradiantes.ca\/wp-content\/uploads\/2026\/04\/3C2C6753-C662-4BD4-B6AE-28EC88FA9131-1-300x457.jpg\" alt=\"3C2C6753-C662-4BD4-B6AE-28EC88FA9131 (1)\" \/><\/figure><\/div><div class=\"swiper-slide\" role=\"group\" aria-roledescription=\"slide\" aria-label=\"13 de 18\"><figure class=\"swiper-slide-inner\"><img decoding=\"async\" class=\"swiper-slide-image\" src=\"https:\/\/mujeresradiantes.ca\/wp-content\/uploads\/2026\/04\/5696FF24-BD50-4EDF-A9D5-499D6AF8E140-300x457.jpg\" alt=\"5696FF24-BD50-4EDF-A9D5-499D6AF8E140\" \/><\/figure><\/div><div class=\"swiper-slide\" role=\"group\" aria-roledescription=\"slide\" aria-label=\"14 de 18\"><figure class=\"swiper-slide-inner\"><img decoding=\"async\" class=\"swiper-slide-image\" src=\"https:\/\/mujeresradiantes.ca\/wp-content\/uploads\/2026\/04\/61904D48-A9BA-41C1-A1B1-9D1DFCD1B7D2-1-300x457.jpg\" alt=\"61904D48-A9BA-41C1-A1B1-9D1DFCD1B7D2 (1)\" \/><\/figure><\/div><div class=\"swiper-slide\" role=\"group\" aria-roledescription=\"slide\" aria-label=\"15 de 18\"><figure class=\"swiper-slide-inner\"><img decoding=\"async\" class=\"swiper-slide-image\" src=\"https:\/\/mujeresradiantes.ca\/wp-content\/uploads\/2026\/04\/BD457F92-C0E3-4D80-B4C4-D6E89E5FFB9D-1-300x457.jpg\" alt=\"BD457F92-C0E3-4D80-B4C4-D6E89E5FFB9D (1)\" \/><\/figure><\/div><div class=\"swiper-slide\" role=\"group\" aria-roledescription=\"slide\" aria-label=\"16 de 18\"><figure class=\"swiper-slide-inner\"><img decoding=\"async\" class=\"swiper-slide-image\" src=\"https:\/\/mujeresradiantes.ca\/wp-content\/uploads\/2026\/04\/5D05D36A-07EE-4CE3-BA00-7ADBAA56B923-1-300x457.jpg\" alt=\"5D05D36A-07EE-4CE3-BA00-7ADBAA56B923 (1)\" \/><\/figure><\/div><div class=\"swiper-slide\" role=\"group\" aria-roledescription=\"slide\" aria-label=\"17 de 18\"><figure class=\"swiper-slide-inner\"><img decoding=\"async\" class=\"swiper-slide-image\" src=\"https:\/\/mujeresradiantes.ca\/wp-content\/uploads\/2026\/04\/WhatsApp-Image-2025-02-07-at-9.18.49-AM-300x457.jpg\" alt=\"WhatsApp Image 2025-02-07 at 9.18.49 AM\" \/><\/figure><\/div><div class=\"swiper-slide\" role=\"group\" aria-roledescription=\"slide\" aria-label=\"18 de 18\"><figure class=\"swiper-slide-inner\"><img decoding=\"async\" class=\"swiper-slide-image\" src=\"https:\/\/mujeresradiantes.ca\/wp-content\/uploads\/2025\/02\/WhatsApp-Image-2025-02-07-at-9.18.50-AM-1-300x457.jpeg\" alt=\"WhatsApp Image 2025-02-07 at 9.18.50 AM\" \/><\/figure><\/div>\t\t\t<\/div>\n\t\t\t\t\t\t\t\t\t\t\t\t<div class=\"elementor-swiper-button elementor-swiper-button-prev\" role=\"button\" tabindex=\"0\">\n\t\t\t\t\t\t<svg aria-hidden=\"true\" class=\"e-font-icon-svg e-eicon-chevron-left\" viewbox=\"0 0 1000 1000\" xmlns=\"http:\/\/www.w3.org\/2000\/svg\"><path d=\"M646 125C629 125 613 133 604 142L308 442C296 454 292 471 292 487 292 504 296 521 308 533L604 854C617 867 629 875 646 875 663 875 679 871 692 858 704 846 713 829 713 812 713 796 708 779 692 767L438 487 692 225C700 217 708 204 708 187 708 171 704 154 692 142 675 129 663 125 646 125Z\"><\/path><\/svg>\t\t\t\t\t<\/div>\n\t\t\t\t\t<div class=\"elementor-swiper-button elementor-swiper-button-next\" role=\"button\" tabindex=\"0\">\n\t\t\t\t\t\t<svg aria-hidden=\"true\" class=\"e-font-icon-svg e-eicon-chevron-right\" viewbox=\"0 0 1000 1000\" xmlns=\"http:\/\/www.w3.org\/2000\/svg\"><path d=\"M696 533C708 521 713 504 713 487 713 471 708 454 696 446L400 146C388 133 375 125 354 125 338 125 325 129 313 142 300 154 292 171 292 187 292 204 296 221 308 233L563 492 304 771C292 783 288 800 288 817 288 833 296 850 308 863 321 871 338 875 354 875 371 875 388 867 400 854L696 533Z\"><\/path><\/svg>\t\t\t\t\t<\/div>\n\t\t\t\t\n\t\t\t\t\t\t\t\t\t<div class=\"swiper-pagination\"><\/div>\n\t\t\t\t\t\t\t\t\t<\/div>\n\t\t\t\t\t\t<\/div>\n\t\t\t\t<\/div>\n\t\t\t\t<\/div>\n\t\t\t\t<\/div>","protected":false},"excerpt":{"rendered":"<p><strong>TEMA.- CUANDO UNA MADRE ORA.\u00a0\u00a0\u00a0\u00a0\u00a0\u00a0\u00a0\u00a0\u00a0\u00a0\u00a0\u00a0\u00a0\u00a0\u00a0\u00a0\u00a0 <\/strong><br \/><strong>PROGRAMA NO. 107\u00a0 <\/strong><br \/><strong>Buenos d\u00edas bienvenidos a su podcast \u201cMujeres Radiantes\u201d soy la abogada Leydi Campos quien le transmite en vivo desde este pa\u00eds de Canad\u00e1, nuestro tema de hoy se llama cuando una madre ora y \u00a0es nuestra CITA BIBLICA.-DEUTERONOMIO 6:5 AL 7- \u00a0dice la palabra de Dios: \u201cY amaras a Jehov\u00e1 tu Dios de todo tu coraz\u00f3n, y de toda tu alma, y con todas tus fuerzas. Y estas palabras que yo te mando hoy, estar\u00e1n sobre tu coraz\u00f3n, y las repetir\u00e1s a tus hijos, y hablaras de ellas estando en tu casa, y andando por el camino, y al acostarte, y cuando te levantes.\u201d<br \/>Oremos.- Amado Padre reconocemos que t\u00fa eres m\u00e1s poderoso que cualquier enemigo y adversario que pretenda destruir a Cristo o a su obra, te pedimos en este d\u00eda que tu Santo Esp\u00edritu nos gu\u00ede y tu gracia nos sostenga en el nombre de Jes\u00fas, qui\u00e9n es el \u00fanico que debe ser glorificado, te damos gracias en su precioso nombre. Am\u00e9n<\/strong>[\u2026]<\/p>\n","protected":false},"author":1,"featured_media":0,"parent":0,"menu_order":0,"comment_status":"closed","ping_status":"closed","template":"","meta":{"give_campaign_id":0,"_themeisle_gutenberg_block_has_review":false,"footnotes":""},"class_list":["post-1453","page","type-page","status-publish","hentry"],"campaignId":"","_links":{"self":[{"href":"https:\/\/mujeresradiantes.ca\/en_ca\/wp-json\/wp\/v2\/pages\/1453","targetHints":{"allow":["GET"]}}],"collection":[{"href":"https:\/\/mujeresradiantes.ca\/en_ca\/wp-json\/wp\/v2\/pages"}],"about":[{"href":"https:\/\/mujeresradiantes.ca\/en_ca\/wp-json\/wp\/v2\/types\/page"}],"author":[{"embeddable":true,"href":"https:\/\/mujeresradiantes.ca\/en_ca\/wp-json\/wp\/v2\/users\/1"}],"replies":[{"embeddable":true,"href":"https:\/\/mujeresradiantes.ca\/en_ca\/wp-json\/wp\/v2\/comments?post=1453"}],"version-history":[{"count":74,"href":"https:\/\/mujeresradiantes.ca\/en_ca\/wp-json\/wp\/v2\/pages\/1453\/revisions"}],"predecessor-version":[{"id":3465,"href":"https:\/\/mujeresradiantes.ca\/en_ca\/wp-json\/wp\/v2\/pages\/1453\/revisions\/3465"}],"wp:attachment":[{"href":"https:\/\/mujeresradiantes.ca\/en_ca\/wp-json\/wp\/v2\/media?parent=1453"}],"curies":[{"name":"wp","href":"https:\/\/api.w.org\/{rel}","templated":true}]}}