{"id":161,"date":"2024-08-26T14:19:22","date_gmt":"2024-08-26T14:19:22","guid":{"rendered":"https:\/\/mujeresradiantes.ca\/?page_id=161"},"modified":"2026-02-16T20:36:07","modified_gmt":"2026-02-16T20:36:07","slug":"nuestro-equipo","status":"publish","type":"page","link":"https:\/\/mujeresradiantes.ca\/en_ca\/nuestro-equipo\/","title":{"rendered":"Vision and Mission"},"content":{"rendered":"<div data-elementor-type=\"wp-page\" data-elementor-id=\"161\" class=\"elementor elementor-161\" data-elementor-post-type=\"page\">\n\t\t\t\t<div class=\"elementor-element elementor-element-701e9ce e-flex e-con-boxed e-con e-parent\" data-id=\"701e9ce\" data-element_type=\"container\" data-e-type=\"container\">\n\t\t\t\t\t<div class=\"e-con-inner\">\n\t\t\t\t<div class=\"elementor-element elementor-element-09020da elementor-widget elementor-widget-text-editor\" data-id=\"09020da\" data-element_type=\"widget\" data-e-type=\"widget\" data-widget_type=\"text-editor.default\">\n\t\t\t\t<div class=\"elementor-widget-container\">\n\t\t\t\t\t\t\t\t\t<h5><b>Mission<\/b><\/h5>\n<p>Nuestra visi\u00f3n es que cada mujer que nos visite pueda profundizar en su relaci\u00f3n con Dios, crecer en su conocimiento de la Biblia y ser parte de una comunidad que refleje el amor de Cristo<\/p>\n<p><b>Vision<\/b><\/p>\n<p>To create a space where women of all ages and backgrounds can find fullness, freedom, and fruitfullness in Christ grounded in the sufficiency of the Scriptures.<\/p>\n<p><\/p>\n<p><i>Activities<\/i><\/p>\n<p>-To Provide Christian spiritual direction and guidance to women.&nbsp;<\/p>\n<p>-To offer counseling and spiritual guidance to couples experiencing difficulties in \ntheir marriages.&nbsp;<\/p>\n<p>-To provide Christian education through theological seminars and Bible study for \nthe formation of mentors, teachers of good, spiritual leaders.<br><\/p>\n<p>-Be available to answer questions and have an exchange with viewers.<br>\n-Refer women to community and governmental resources when needed.<br>\n-Teach courses on family, marriage, counseling and biblical leadership.<br><\/p>\n<p>-Ofrecer atenci\u00f3n y visitas a mujeres latinas encarceladas para compartirles el \ncristianismo.&nbsp;<\/p><p>-Satisfacer las necesidades espirituales de las mujeres v\u00edctimas de violaciones de \nlos derechos humanos predic\u00e1ndoles el evangelio.\n-Servir a las mujeres vulnerables o v\u00edctimas del crimen, bas\u00e1ndose en la ense\u00f1anza \ncristiana.&nbsp;<\/p><p>-Preparar recursos para ayudar a las personas a desarrollar la comprensi\u00f3n sobre la \npaz y sus derechos humanos.<br><\/p><p><br><\/p>\t\t\t\t\t\t\t\t<\/div>\n\t\t\t\t<\/div>\n\t\t\t\t\t<\/div>\n\t\t\t\t<\/div>\n\t\t\t\t<\/div>","protected":false},"excerpt":{"rendered":"<p>Mision Nuestra visi\u00f3n es que cada mujer que nos visite pueda profundizar en su relaci\u00f3n con Dios, crecer en su conocimiento de la Biblia y ser parte de una comunidad que refleje el amor de Cristo Visi\u00f3n Crear un espacio donde las mujeres de todas las edades y transfondos puedan encontrar plenitud, libertad y abundancia [&hellip;]<\/p>\n","protected":false},"author":1,"featured_media":78,"parent":0,"menu_order":0,"comment_status":"closed","ping_status":"closed","template":"","meta":{"give_campaign_id":0,"_themeisle_gutenberg_block_has_review":false,"footnotes":""},"class_list":["post-161","page","type-page","status-publish","has-post-thumbnail","hentry"],"campaignId":"","_links":{"self":[{"href":"https:\/\/mujeresradiantes.ca\/en_ca\/wp-json\/wp\/v2\/pages\/161","targetHints":{"allow":["GET"]}}],"collection":[{"href":"https:\/\/mujeresradiantes.ca\/en_ca\/wp-json\/wp\/v2\/pages"}],"about":[{"href":"https:\/\/mujeresradiantes.ca\/en_ca\/wp-json\/wp\/v2\/types\/page"}],"author":[{"embeddable":true,"href":"https:\/\/mujeresradiantes.ca\/en_ca\/wp-json\/wp\/v2\/users\/1"}],"replies":[{"embeddable":true,"href":"https:\/\/mujeresradiantes.ca\/en_ca\/wp-json\/wp\/v2\/comments?post=161"}],"version-history":[{"count":13,"href":"https:\/\/mujeresradiantes.ca\/en_ca\/wp-json\/wp\/v2\/pages\/161\/revisions"}],"predecessor-version":[{"id":3285,"href":"https:\/\/mujeresradiantes.ca\/en_ca\/wp-json\/wp\/v2\/pages\/161\/revisions\/3285"}],"wp:featuredmedia":[{"embeddable":true,"href":"https:\/\/mujeresradiantes.ca\/en_ca\/wp-json\/wp\/v2\/media\/78"}],"wp:attachment":[{"href":"https:\/\/mujeresradiantes.ca\/en_ca\/wp-json\/wp\/v2\/media?parent=161"}],"curies":[{"name":"wp","href":"https:\/\/api.w.org\/{rel}","templated":true}]}}