{"id":2683,"date":"2025-09-17T18:53:39","date_gmt":"2025-09-17T18:53:39","guid":{"rendered":"https:\/\/mujeresradiantes.ca\/?page_id=2683"},"modified":"2026-04-05T04:16:06","modified_gmt":"2026-04-05T04:16:06","slug":"misiones","status":"publish","type":"page","link":"https:\/\/mujeresradiantes.ca\/en_ca\/misiones\/","title":{"rendered":"Missions"},"content":{"rendered":"<div data-elementor-type=\"wp-page\" data-elementor-id=\"2683\" class=\"elementor elementor-2683\" data-elementor-post-type=\"page\">\n\t\t\t\t<div class=\"elementor-element elementor-element-ebaddc8 e-con-full e-flex e-con e-parent\" data-id=\"ebaddc8\" data-element_type=\"container\" data-e-type=\"container\" data-settings=\"{&quot;background_background&quot;:&quot;classic&quot;}\">\n\t\t\t\t<div class=\"elementor-element elementor-element-285cbe4 elementor-widget__width-initial elementor-widget elementor-widget-heading\" data-id=\"285cbe4\" data-element_type=\"widget\" data-e-type=\"widget\" data-widget_type=\"heading.default\">\n\t\t\t\t<div class=\"elementor-widget-container\">\n\t\t\t\t\t<h2 class=\"elementor-heading-title elementor-size-default\">We are excited to announce that in 2025, the foundation established a mission to spread Christianity and biblical femininity in Cancun, Mexico.\n<br>\u00a1Escr\u00edbenos y s\u00e9 parte de esta misi\u00f3n!<\/h2>\t\t\t\t<\/div>\n\t\t\t\t<\/div>\n\t\t\t\t<\/div>\n\t\t<div class=\"elementor-element elementor-element-15cb8f0 e-con-full e-flex e-con e-parent\" data-id=\"15cb8f0\" data-element_type=\"container\" data-e-type=\"container\">\n\t\t\t\t<div class=\"elementor-element elementor-element-458abb6 elementor-widget elementor-widget-spacer\" data-id=\"458abb6\" data-element_type=\"widget\" data-e-type=\"widget\" data-widget_type=\"spacer.default\">\n\t\t\t\t<div class=\"elementor-widget-container\">\n\t\t\t\t\t\t\t<div class=\"elementor-spacer\">\n\t\t\t<div class=\"elementor-spacer-inner\"><\/div>\n\t\t<\/div>\n\t\t\t\t\t\t<\/div>\n\t\t\t\t<\/div>\n\t\t\t\t<\/div>\n\t\t<div class=\"elementor-element elementor-element-1c47545 e-flex e-con-boxed e-con e-parent\" data-id=\"1c47545\" data-element_type=\"container\" data-e-type=\"container\" data-settings=\"{&quot;shape_divider_top&quot;:&quot;mountains&quot;}\">\n\t\t\t\t\t<div class=\"e-con-inner\">\n\t\t\t\t<div class=\"elementor-shape elementor-shape-top\" aria-hidden=\"true\" data-negative=\"false\">\n\t\t\t<svg xmlns=\"http:\/\/www.w3.org\/2000\/svg\" viewbox=\"0 0 1000 100\" preserveaspectratio=\"none\">\n\t<path class=\"elementor-shape-fill\" opacity=\"0.33\" d=\"M473,67.3c-203.9,88.3-263.1-34-320.3,0C66,119.1,0,59.7,0,59.7V0h1000v59.7 c0,0-62.1,26.1-94.9,29.3c-32.8,3.3-62.8-12.3-75.8-22.1C806,49.6,745.3,8.7,694.9,4.7S492.4,59,473,67.3z\"\/>\n\t<path class=\"elementor-shape-fill\" opacity=\"0.66\" d=\"M734,67.3c-45.5,0-77.2-23.2-129.1-39.1c-28.6-8.7-150.3-10.1-254,39.1 s-91.7-34.4-149.2,0C115.7,118.3,0,39.8,0,39.8V0h1000v36.5c0,0-28.2-18.5-92.1-18.5C810.2,18.1,775.7,67.3,734,67.3z\"\/>\n\t<path class=\"elementor-shape-fill\" d=\"M766.1,28.9c-200-57.5-266,65.5-395.1,19.5C242,1.8,242,5.4,184.8,20.6C128,35.8,132.3,44.9,89.9,52.5C28.6,63.7,0,0,0,0 h1000c0,0-9.9,40.9-83.6,48.1S829.6,47,766.1,28.9z\"\/>\n<\/svg>\t\t<\/div>\n\t\t<div class=\"elementor-element elementor-element-7d2cda4 e-con-full e-flex e-con e-child\" data-id=\"7d2cda4\" data-element_type=\"container\" data-e-type=\"container\">\n\t\t\t\t<div class=\"elementor-element elementor-element-4ab498f elementor-widget__width-initial elementor-widget elementor-widget-video\" data-id=\"4ab498f\" data-element_type=\"widget\" data-e-type=\"widget\" data-settings=\"{&quot;video_type&quot;:&quot;hosted&quot;,&quot;controls&quot;:&quot;yes&quot;}\" data-widget_type=\"video.default\">\n\t\t\t\t<div class=\"elementor-widget-container\">\n\t\t\t\t\t\t\t<div class=\"e-hosted-video elementor-wrapper elementor-open-inline\">\n\t\t\t\t\t<video class=\"elementor-video\" src=\"https:\/\/mujeresradiantes.ca\/wp-content\/uploads\/2025\/09\/WhatsApp-Video-2025-09-03-at-3.31.45-PM.mp4\" controls=\"\" preload=\"metadata\" controlslist=\"nodownload\"><\/video>\n\t\t\t\t<\/div>\n\t\t\t\t\t\t<\/div>\n\t\t\t\t<\/div>\n\t\t\t\t<\/div>\n\t\t<div class=\"elementor-element elementor-element-8aa0799 e-con-full e-flex e-con e-child\" data-id=\"8aa0799\" data-element_type=\"container\" data-e-type=\"container\">\n\t\t<div class=\"elementor-element elementor-element-450d538 e-con-full e-flex e-con e-child\" data-id=\"450d538\" data-element_type=\"container\" data-e-type=\"container\">\n\t\t\t\t<div class=\"elementor-element elementor-element-4b90c26 elementor-widget__width-initial elementor-widget elementor-widget-image\" data-id=\"4b90c26\" data-element_type=\"widget\" data-e-type=\"widget\" data-widget_type=\"image.default\">\n\t\t\t\t<div class=\"elementor-widget-container\">\n\t\t\t\t\t\t\t\t\t\t\t\t\t\t\t<img decoding=\"async\" src=\"https:\/\/mujeresradiantes.ca\/wp-content\/uploads\/elementor\/thumbs\/WhatsApp-Image-2025-04-07-at-11.11.17-AM-rc1uqocp33qfwpe3hkymkbxe5rkkp2pihrjcw3loe0.jpeg\" title=\"WhatsApp Image 2025-04-07 at 11.11.17 AM\" alt=\"WhatsApp Image 2025-04-07 at 11.11.17 AM\" loading=\"lazy\" \/>\t\t\t\t\t\t\t\t\t\t\t\t\t\t\t<\/div>\n\t\t\t\t<\/div>\n\t\t\t\t<\/div>\n\t\t<div class=\"elementor-element elementor-element-4291711 e-con-full e-flex e-con e-child\" data-id=\"4291711\" data-element_type=\"container\" data-e-type=\"container\">\n\t\t\t\t<div class=\"elementor-element elementor-element-905172a elementor-widget elementor-widget-image\" data-id=\"905172a\" data-element_type=\"widget\" data-e-type=\"widget\" data-widget_type=\"image.default\">\n\t\t\t\t<div class=\"elementor-widget-container\">\n\t\t\t\t\t\t\t\t\t\t\t\t<figure class=\"wp-caption\">\n\t\t\t\t\t\t\t\t\t\t<img decoding=\"async\" src=\"https:\/\/mujeresradiantes.ca\/wp-content\/uploads\/elementor\/thumbs\/WhatsApp-Image-2025-09-20-at-12.44.05-PM-rc1pt0utecjhlvfwush1b5t4c375whfu2grnlf0ce0.jpeg\" title=\"WhatsApp Image 2025-09-20 at 12.44.05 PM\" alt=\"WhatsApp Image 2025-09-20 at 12.44.05 PM\" loading=\"lazy\" \/>\t\t\t\t\t\t\t\t\t\t\t<figcaption class=\"widget-image-caption wp-caption-text\">Conferencias en \"Cuna Maya\" en Canc\u00fan, Quintana Roo, M\u00e9xico.    Tema: \"El salvador de las causas perdidas\"<\/figcaption>\n\t\t\t\t\t\t\t\t\t\t<\/figure>\n\t\t\t\t\t\t\t\t\t<\/div>\n\t\t\t\t<\/div>\n\t\t\t\t<\/div>\n\t\t\t\t<\/div>\n\t\t\t\t\t<\/div>\n\t\t\t\t<\/div>\n\t\t<div class=\"elementor-element elementor-element-3bc9c2c e-con-full e-flex e-con e-parent\" data-id=\"3bc9c2c\" data-element_type=\"container\" data-e-type=\"container\" data-settings=\"{&quot;shape_divider_bottom&quot;:&quot;mountains&quot;}\">\n\t\t\t\t<div class=\"elementor-shape elementor-shape-bottom\" aria-hidden=\"true\" data-negative=\"false\">\n\t\t\t<svg xmlns=\"http:\/\/www.w3.org\/2000\/svg\" viewbox=\"0 0 1000 100\" preserveaspectratio=\"none\">\n\t<path class=\"elementor-shape-fill\" opacity=\"0.33\" d=\"M473,67.3c-203.9,88.3-263.1-34-320.3,0C66,119.1,0,59.7,0,59.7V0h1000v59.7 c0,0-62.1,26.1-94.9,29.3c-32.8,3.3-62.8-12.3-75.8-22.1C806,49.6,745.3,8.7,694.9,4.7S492.4,59,473,67.3z\"\/>\n\t<path class=\"elementor-shape-fill\" opacity=\"0.66\" d=\"M734,67.3c-45.5,0-77.2-23.2-129.1-39.1c-28.6-8.7-150.3-10.1-254,39.1 s-91.7-34.4-149.2,0C115.7,118.3,0,39.8,0,39.8V0h1000v36.5c0,0-28.2-18.5-92.1-18.5C810.2,18.1,775.7,67.3,734,67.3z\"\/>\n\t<path class=\"elementor-shape-fill\" d=\"M766.1,28.9c-200-57.5-266,65.5-395.1,19.5C242,1.8,242,5.4,184.8,20.6C128,35.8,132.3,44.9,89.9,52.5C28.6,63.7,0,0,0,0 h1000c0,0-9.9,40.9-83.6,48.1S829.6,47,766.1,28.9z\"\/>\n<\/svg>\t\t<\/div>\n\t\t<div class=\"elementor-element elementor-element-9f91dae e-con-full e-flex e-con e-child\" data-id=\"9f91dae\" data-element_type=\"container\" data-e-type=\"container\">\n\t\t\t\t<div class=\"elementor-element elementor-element-b1245f0 elementor-widget elementor-widget-image\" data-id=\"b1245f0\" data-element_type=\"widget\" data-e-type=\"widget\" data-widget_type=\"image.default\">\n\t\t\t\t<div class=\"elementor-widget-container\">\n\t\t\t\t\t\t\t\t\t\t\t\t\t\t\t<img decoding=\"async\" src=\"https:\/\/mujeresradiantes.ca\/wp-content\/uploads\/elementor\/thumbs\/Post-de-Instagram-Vertical-Frase-Motivacion-Sencillo-Blanco-y-Naranja-rc20znzvaxfi584zyxjdxsqblb0gw55pso13xjxyms.png\" title=\"Post de Instagram Vertical Frase Motivaci\u00f3n Sencillo Blanco y Naranja\" alt=\"Post de Instagram Vertical Frase Motivaci\u00f3n Sencillo Blanco y Naranja\" loading=\"lazy\" \/>\t\t\t\t\t\t\t\t\t\t\t\t\t\t\t<\/div>\n\t\t\t\t<\/div>\n\t\t\t\t<\/div>\n\t\t<div class=\"elementor-element elementor-element-1c45f98 e-con-full e-flex e-con e-child\" data-id=\"1c45f98\" data-element_type=\"container\" data-e-type=\"container\">\n\t\t\t\t<div class=\"elementor-element elementor-element-12202d3 elementor-widget__width-initial elementor-widget elementor-widget-image\" data-id=\"12202d3\" data-element_type=\"widget\" data-e-type=\"widget\" data-widget_type=\"image.default\">\n\t\t\t\t<div class=\"elementor-widget-container\">\n\t\t\t\t\t\t\t\t\t\t\t\t<figure class=\"wp-caption\">\n\t\t\t\t\t\t\t\t\t\t<img decoding=\"async\" src=\"https:\/\/mujeresradiantes.ca\/wp-content\/uploads\/elementor\/thumbs\/WhatsApp-Image-2025-11-14-at-12.36.18-PM-repdc2wh5itfah45b2sro2hrmvbjhllapek55rukz4.jpeg\" title=\"WhatsApp Image 2025-11-14 at 12.36.18 PM\" alt=\"WhatsApp Image 2025-11-14 at 12.36.18 PM\" loading=\"lazy\" \/>\t\t\t\t\t\t\t\t\t\t\t<figcaption class=\"widget-image-caption wp-caption-text\">Conferencias en la Iglesia Vida\/life en Canc\u00fan, Quintana Roo, M\u00e9xico<\/figcaption>\n\t\t\t\t\t\t\t\t\t\t<\/figure>\n\t\t\t\t\t\t\t\t\t<\/div>\n\t\t\t\t<\/div>\n\t\t\t\t<\/div>\n\t\t<div class=\"elementor-element elementor-element-4d7f1b9 e-con-full e-flex e-con e-child\" data-id=\"4d7f1b9\" data-element_type=\"container\" data-e-type=\"container\">\n\t\t\t\t<div class=\"elementor-element elementor-element-c1e48ee elementor-widget__width-initial elementor-widget elementor-widget-image\" data-id=\"c1e48ee\" data-element_type=\"widget\" data-e-type=\"widget\" data-widget_type=\"image.default\">\n\t\t\t\t<div class=\"elementor-widget-container\">\n\t\t\t\t\t\t\t\t\t\t\t\t\t\t\t<img decoding=\"async\" src=\"https:\/\/mujeresradiantes.ca\/wp-content\/uploads\/elementor\/thumbs\/Post-de-Instagram-Vertical-Frase-Motivacion-Sencillo-Blanco-y-Naranja-1-rc210j0knxj3iimvigxlqtd2cxmki9nprmzhiq0gds.png\" title=\"Post de Instagram Vertical Frase Motivaci\u00f3n Sencillo Blanco y Naranja (1)\" alt=\"Post de Instagram Vertical Frase Motivaci\u00f3n Sencillo Blanco y Naranja (1)\" loading=\"lazy\" \/>\t\t\t\t\t\t\t\t\t\t\t\t\t\t\t<\/div>\n\t\t\t\t<\/div>\n\t\t\t\t<\/div>\n\t\t\t\t<\/div>\n\t\t<div class=\"elementor-element elementor-element-ff97ab0 e-flex e-con-boxed e-con e-parent\" data-id=\"ff97ab0\" data-element_type=\"container\" data-e-type=\"container\">\n\t\t\t\t\t<div class=\"e-con-inner\">\n\t\t\t\t<div class=\"elementor-element elementor-element-4925f9f elementor-widget elementor-widget-spacer\" data-id=\"4925f9f\" data-element_type=\"widget\" data-e-type=\"widget\" data-widget_type=\"spacer.default\">\n\t\t\t\t<div class=\"elementor-widget-container\">\n\t\t\t\t\t\t\t<div class=\"elementor-spacer\">\n\t\t\t<div class=\"elementor-spacer-inner\"><\/div>\n\t\t<\/div>\n\t\t\t\t\t\t<\/div>\n\t\t\t\t<\/div>\n\t\t\t\t\t<\/div>\n\t\t\t\t<\/div>\n\t\t<div class=\"elementor-element elementor-element-a6f21f5 e-flex e-con-boxed e-con e-parent\" data-id=\"a6f21f5\" data-element_type=\"container\" data-e-type=\"container\">\n\t\t\t\t\t<div class=\"e-con-inner\">\n\t\t<div class=\"elementor-element elementor-element-5e98383 e-con-full e-flex e-con e-child\" data-id=\"5e98383\" data-element_type=\"container\" data-e-type=\"container\">\n\t\t\t\t<div class=\"elementor-element elementor-element-9191686 elementor-widget__width-initial elementor-widget elementor-widget-video\" data-id=\"9191686\" data-element_type=\"widget\" data-e-type=\"widget\" data-settings=\"{&quot;video_type&quot;:&quot;hosted&quot;,&quot;start&quot;:1,&quot;controls&quot;:&quot;yes&quot;}\" data-widget_type=\"video.default\">\n\t\t\t\t<div class=\"elementor-widget-container\">\n\t\t\t\t\t\t\t<div class=\"e-hosted-video elementor-wrapper elementor-open-inline\">\n\t\t\t\t\t<video class=\"elementor-video\" src=\"https:\/\/mujeresradiantes.ca\/wp-content\/uploads\/2025\/12\/Brown-and-Black-Minimalist-Makeup-Product-Bi-Fold-Brochure-Tu-historia.mp4#t=1\" controls=\"\" preload=\"metadata\" controlslist=\"nodownload\"><\/video>\n\t\t\t\t<\/div>\n\t\t\t\t\t\t<\/div>\n\t\t\t\t<\/div>\n\t\t\t\t<\/div>\n\t\t<div class=\"elementor-element elementor-element-5d28413 e-con-full e-flex e-con e-child\" data-id=\"5d28413\" data-element_type=\"container\" data-e-type=\"container\">\n\t\t<div class=\"elementor-element elementor-element-a513a75 e-con-full e-flex e-con e-child\" data-id=\"a513a75\" data-element_type=\"container\" data-e-type=\"container\">\n\t\t\t\t<\/div>\n\t\t<div class=\"elementor-element elementor-element-3d80f62 e-con-full e-flex e-con e-child\" data-id=\"3d80f62\" data-element_type=\"container\" data-e-type=\"container\">\n\t\t\t\t<div class=\"elementor-element elementor-element-b486323 elementor-widget elementor-widget-image-gallery\" data-id=\"b486323\" data-element_type=\"widget\" data-e-type=\"widget\" data-widget_type=\"image-gallery.default\">\n\t\t\t\t<div class=\"elementor-widget-container\">\n\t\t\t\t\t\t\t<div class=\"elementor-image-gallery\">\n\t\t\t<div id='gallery-1' class='gallery galleryid-2683 gallery-columns-2 gallery-size-large'><figure class='gallery-item'>\n\t\t\t<div class='gallery-icon portrait'>\n\t\t\t\t<a data-elementor-open-lightbox=\"yes\" data-elementor-lightbox-slideshow=\"b486323\" data-elementor-lightbox-title=\"Reuni\u00f3n de\" data-e-action-hash=\"#elementor-action%3Aaction%3Dlightbox%26settings%3DeyJpZCI6MjkwOSwidXJsIjoiaHR0cHM6XC9cL211amVyZXNyYWRpYW50ZXMuY2FcL3dwLWNvbnRlbnRcL3VwbG9hZHNcLzIwMjVcLzEyXC9SZXVuaW9uLWRlLnBuZyIsInNsaWRlc2hvdyI6ImI0ODYzMjMifQ%3D%3D\" href='https:\/\/mujeresradiantes.ca\/wp-content\/uploads\/2025\/12\/Reunion-de.png'><img fetchpriority=\"high\" decoding=\"async\" width=\"791\" height=\"1024\" src=\"https:\/\/mujeresradiantes.ca\/wp-content\/uploads\/2025\/12\/Reunion-de-791x1024.png\" class=\"attachment-large size-large\" alt=\"\" srcset=\"https:\/\/mujeresradiantes.ca\/wp-content\/uploads\/2025\/12\/Reunion-de-791x1024.png 791w, https:\/\/mujeresradiantes.ca\/wp-content\/uploads\/2025\/12\/Reunion-de-600x776.png 600w, https:\/\/mujeresradiantes.ca\/wp-content\/uploads\/2025\/12\/Reunion-de-232x300.png 232w, https:\/\/mujeresradiantes.ca\/wp-content\/uploads\/2025\/12\/Reunion-de-768x994.png 768w, https:\/\/mujeresradiantes.ca\/wp-content\/uploads\/2025\/12\/Reunion-de-1187x1536.png 1187w, https:\/\/mujeresradiantes.ca\/wp-content\/uploads\/2025\/12\/Reunion-de-9x12.png 9w, https:\/\/mujeresradiantes.ca\/wp-content\/uploads\/2025\/12\/Reunion-de.png 1545w\" sizes=\"(max-width: 791px) 100vw, 791px\" \/><\/a>\n\t\t\t<\/div><\/figure><figure class='gallery-item'>\n\t\t\t<div class='gallery-icon portrait'>\n\t\t\t\t<a data-elementor-open-lightbox=\"yes\" data-elementor-lightbox-slideshow=\"b486323\" data-elementor-lightbox-title=\"Reuni\u00f3n de (Post de Instagram (45))\" data-e-action-hash=\"#elementor-action%3Aaction%3Dlightbox%26settings%3DeyJpZCI6MjkxMCwidXJsIjoiaHR0cHM6XC9cL211amVyZXNyYWRpYW50ZXMuY2FcL3dwLWNvbnRlbnRcL3VwbG9hZHNcLzIwMjVcLzEyXC9SZXVuaW9uLWRlLVBvc3QtZGUtSW5zdGFncmFtLTQ1LnBuZyIsInNsaWRlc2hvdyI6ImI0ODYzMjMifQ%3D%3D\" href='https:\/\/mujeresradiantes.ca\/wp-content\/uploads\/2025\/12\/Reunion-de-Post-de-Instagram-45.png'><img decoding=\"async\" width=\"800\" height=\"1000\" src=\"https:\/\/mujeresradiantes.ca\/wp-content\/uploads\/2025\/12\/Reunion-de-Post-de-Instagram-45-819x1024.png\" class=\"attachment-large size-large\" alt=\"\" srcset=\"https:\/\/mujeresradiantes.ca\/wp-content\/uploads\/2025\/12\/Reunion-de-Post-de-Instagram-45-819x1024.png 819w, https:\/\/mujeresradiantes.ca\/wp-content\/uploads\/2025\/12\/Reunion-de-Post-de-Instagram-45-600x750.png 600w, https:\/\/mujeresradiantes.ca\/wp-content\/uploads\/2025\/12\/Reunion-de-Post-de-Instagram-45-240x300.png 240w, https:\/\/mujeresradiantes.ca\/wp-content\/uploads\/2025\/12\/Reunion-de-Post-de-Instagram-45-768x960.png 768w, https:\/\/mujeresradiantes.ca\/wp-content\/uploads\/2025\/12\/Reunion-de-Post-de-Instagram-45-10x12.png 10w, https:\/\/mujeresradiantes.ca\/wp-content\/uploads\/2025\/12\/Reunion-de-Post-de-Instagram-45.png 1080w\" sizes=\"(max-width: 800px) 100vw, 800px\" \/><\/a>\n\t\t\t<\/div><\/figure>\n\t\t<\/div>\n\t\t<\/div>\n\t\t\t\t\t\t<\/div>\n\t\t\t\t<\/div>\n\t\t\t\t<\/div>\n\t\t\t\t<\/div>\n\t\t\t\t\t<\/div>\n\t\t\t\t<\/div>\n\t\t<div class=\"elementor-element elementor-element-974a6fa e-flex e-con-boxed e-con e-parent\" data-id=\"974a6fa\" data-element_type=\"container\" data-e-type=\"container\">\n\t\t\t\t\t<div class=\"e-con-inner\">\n\t\t\t\t<div class=\"elementor-element elementor-element-19f2f50 elementor-widget elementor-widget-spacer\" data-id=\"19f2f50\" data-element_type=\"widget\" data-e-type=\"widget\" data-widget_type=\"spacer.default\">\n\t\t\t\t<div class=\"elementor-widget-container\">\n\t\t\t\t\t\t\t<div class=\"elementor-spacer\">\n\t\t\t<div class=\"elementor-spacer-inner\"><\/div>\n\t\t<\/div>\n\t\t\t\t\t\t<\/div>\n\t\t\t\t<\/div>\n\t\t\t\t\t<\/div>\n\t\t\t\t<\/div>\n\t\t<div class=\"elementor-element elementor-element-faa4df4 e-flex e-con-boxed e-con e-parent\" data-id=\"faa4df4\" data-element_type=\"container\" data-e-type=\"container\">\n\t\t\t\t\t<div class=\"e-con-inner\">\n\t\t\t\t<div class=\"elementor-element elementor-element-bf3c5e2 elementor-widget elementor-widget-heading\" data-id=\"bf3c5e2\" data-element_type=\"widget\" data-e-type=\"widget\" data-widget_type=\"heading.default\">\n\t\t\t\t<div class=\"elementor-widget-container\">\n\t\t\t\t\t<h2 class=\"elementor-heading-title elementor-size-default\">Conferencias en diferentes grupos de mujeres<\/h2>\t\t\t\t<\/div>\n\t\t\t\t<\/div>\n\t\t\t\t\t<\/div>\n\t\t\t\t<\/div>\n\t\t<div class=\"elementor-element elementor-element-cb0a4f4 e-con-full e-flex e-con e-parent\" data-id=\"cb0a4f4\" data-element_type=\"container\" data-e-type=\"container\">\n\t\t\t\t<div class=\"elementor-element elementor-element-d0e1e0d elementor-widget elementor-widget-gallery\" data-id=\"d0e1e0d\" data-element_type=\"widget\" data-e-type=\"widget\" data-settings=\"{&quot;lazyload&quot;:&quot;yes&quot;,&quot;gallery_layout&quot;:&quot;grid&quot;,&quot;columns&quot;:4,&quot;columns_tablet&quot;:2,&quot;columns_mobile&quot;:1,&quot;gap&quot;:{&quot;unit&quot;:&quot;px&quot;,&quot;size&quot;:10,&quot;sizes&quot;:[]},&quot;gap_tablet&quot;:{&quot;unit&quot;:&quot;px&quot;,&quot;size&quot;:10,&quot;sizes&quot;:[]},&quot;gap_mobile&quot;:{&quot;unit&quot;:&quot;px&quot;,&quot;size&quot;:10,&quot;sizes&quot;:[]},&quot;link_to&quot;:&quot;file&quot;,&quot;aspect_ratio&quot;:&quot;3:2&quot;,&quot;overlay_background&quot;:&quot;yes&quot;,&quot;content_hover_animation&quot;:&quot;fade-in&quot;}\" data-widget_type=\"gallery.default\">\n\t\t\t\t<div class=\"elementor-widget-container\">\n\t\t\t\t\t\t\t<div class=\"elementor-gallery__container\">\n\t\t\t\t\t\t\t<a class=\"e-gallery-item elementor-gallery-item elementor-animated-content\" href=\"https:\/\/mujeresradiantes.ca\/wp-content\/uploads\/2026\/04\/WhatsApp-Image-2026-04-02-at-8.08.58-PM-2.jpeg\" data-elementor-open-lightbox=\"yes\" data-elementor-lightbox-slideshow=\"d0e1e0d\" data-elementor-lightbox-title=\"WhatsApp Image 2026-04-02 at 8.08.58 PM (2)\" data-e-action-hash=\"#elementor-action%3Aaction%3Dlightbox%26settings%3DeyJpZCI6MzMzNSwidXJsIjoiaHR0cHM6XC9cL211amVyZXNyYWRpYW50ZXMuY2FcL3dwLWNvbnRlbnRcL3VwbG9hZHNcLzIwMjZcLzA0XC9XaGF0c0FwcC1JbWFnZS0yMDI2LTA0LTAyLWF0LTguMDguNTgtUE0tMi5qcGVnIiwic2xpZGVzaG93IjoiZDBlMWUwZCJ9\">\n\t\t\t\t\t<div class=\"e-gallery-image elementor-gallery-item__image\" data-thumbnail=\"https:\/\/mujeresradiantes.ca\/wp-content\/uploads\/2026\/04\/WhatsApp-Image-2026-04-02-at-8.08.58-PM-2-225x300.jpeg\" data-width=\"225\" data-height=\"300\" aria-label=\"\" role=\"img\" ><\/div>\n\t\t\t\t\t\t\t\t\t\t\t<div class=\"elementor-gallery-item__overlay\"><\/div>\n\t\t\t\t\t\t\t\t\t\t\t\t\t\t<\/a>\n\t\t\t\t\t\t\t<a class=\"e-gallery-item elementor-gallery-item elementor-animated-content\" href=\"https:\/\/mujeresradiantes.ca\/wp-content\/uploads\/2026\/04\/WhatsApp-Image-2026-04-02-at-8.08.58-PM-3.jpeg\" data-elementor-open-lightbox=\"yes\" data-elementor-lightbox-slideshow=\"d0e1e0d\" data-elementor-lightbox-title=\"WhatsApp Image 2026-04-02 at 8.08.58 PM (3)\" data-e-action-hash=\"#elementor-action%3Aaction%3Dlightbox%26settings%3DeyJpZCI6MzM0MCwidXJsIjoiaHR0cHM6XC9cL211amVyZXNyYWRpYW50ZXMuY2FcL3dwLWNvbnRlbnRcL3VwbG9hZHNcLzIwMjZcLzA0XC9XaGF0c0FwcC1JbWFnZS0yMDI2LTA0LTAyLWF0LTguMDguNTgtUE0tMy5qcGVnIiwic2xpZGVzaG93IjoiZDBlMWUwZCJ9\">\n\t\t\t\t\t<div class=\"e-gallery-image elementor-gallery-item__image\" data-thumbnail=\"https:\/\/mujeresradiantes.ca\/wp-content\/uploads\/2026\/04\/WhatsApp-Image-2026-04-02-at-8.08.58-PM-3-300x225.jpeg\" data-width=\"300\" data-height=\"225\" aria-label=\"\" role=\"img\" ><\/div>\n\t\t\t\t\t\t\t\t\t\t\t<div class=\"elementor-gallery-item__overlay\"><\/div>\n\t\t\t\t\t\t\t\t\t\t\t\t\t\t<\/a>\n\t\t\t\t\t\t\t<a class=\"e-gallery-item elementor-gallery-item elementor-animated-content\" href=\"https:\/\/mujeresradiantes.ca\/wp-content\/uploads\/2026\/04\/Historia-para-instagram-invitacion-iglesia-evento-beige-y-cafe.png\" data-elementor-open-lightbox=\"yes\" data-elementor-lightbox-slideshow=\"d0e1e0d\" data-elementor-lightbox-title=\"Historia para instagram invitacion iglesia evento beige y cafe\" data-e-action-hash=\"#elementor-action%3Aaction%3Dlightbox%26settings%3DeyJpZCI6MzM0NSwidXJsIjoiaHR0cHM6XC9cL211amVyZXNyYWRpYW50ZXMuY2FcL3dwLWNvbnRlbnRcL3VwbG9hZHNcLzIwMjZcLzA0XC9IaXN0b3JpYS1wYXJhLWluc3RhZ3JhbS1pbnZpdGFjaW9uLWlnbGVzaWEtZXZlbnRvLWJlaWdlLXktY2FmZS5wbmciLCJzbGlkZXNob3ciOiJkMGUxZTBkIn0%3D\">\n\t\t\t\t\t<div class=\"e-gallery-image elementor-gallery-item__image\" data-thumbnail=\"https:\/\/mujeresradiantes.ca\/wp-content\/uploads\/2026\/04\/Historia-para-instagram-invitacion-iglesia-evento-beige-y-cafe-169x300.png\" data-width=\"169\" data-height=\"300\" aria-label=\"\" role=\"img\" ><\/div>\n\t\t\t\t\t\t\t\t\t\t\t<div class=\"elementor-gallery-item__overlay\"><\/div>\n\t\t\t\t\t\t\t\t\t\t\t\t\t\t<\/a>\n\t\t\t\t\t\t\t<a class=\"e-gallery-item elementor-gallery-item elementor-animated-content\" href=\"https:\/\/mujeresradiantes.ca\/wp-content\/uploads\/2026\/04\/posteo-de-instagram-promocion-evento-para-mujeres-moderno-floral-rosa.png\" data-elementor-open-lightbox=\"yes\" data-elementor-lightbox-slideshow=\"d0e1e0d\" data-elementor-lightbox-title=\"posteo de instagram promocion evento para mujeres moderno floral rosa\" data-e-action-hash=\"#elementor-action%3Aaction%3Dlightbox%26settings%3DeyJpZCI6MzM0NiwidXJsIjoiaHR0cHM6XC9cL211amVyZXNyYWRpYW50ZXMuY2FcL3dwLWNvbnRlbnRcL3VwbG9hZHNcLzIwMjZcLzA0XC9wb3N0ZW8tZGUtaW5zdGFncmFtLXByb21vY2lvbi1ldmVudG8tcGFyYS1tdWplcmVzLW1vZGVybm8tZmxvcmFsLXJvc2EucG5nIiwic2xpZGVzaG93IjoiZDBlMWUwZCJ9\">\n\t\t\t\t\t<div class=\"e-gallery-image elementor-gallery-item__image\" data-thumbnail=\"https:\/\/mujeresradiantes.ca\/wp-content\/uploads\/2026\/04\/posteo-de-instagram-promocion-evento-para-mujeres-moderno-floral-rosa-300x300.png\" data-width=\"300\" data-height=\"300\" aria-label=\"\" role=\"img\" ><\/div>\n\t\t\t\t\t\t\t\t\t\t\t<div class=\"elementor-gallery-item__overlay\"><\/div>\n\t\t\t\t\t\t\t\t\t\t\t\t\t\t<\/a>\n\t\t\t\t\t\t\t<a class=\"e-gallery-item elementor-gallery-item elementor-animated-content\" href=\"https:\/\/mujeresradiantes.ca\/wp-content\/uploads\/2026\/04\/WhatsApp-Image-2026-04-02-at-8.08.58-PM.jpeg\" data-elementor-open-lightbox=\"yes\" data-elementor-lightbox-slideshow=\"d0e1e0d\" data-elementor-lightbox-title=\"WhatsApp Image 2026-04-02 at 8.08.58 PM\" data-e-action-hash=\"#elementor-action%3Aaction%3Dlightbox%26settings%3DeyJpZCI6MzM0NywidXJsIjoiaHR0cHM6XC9cL211amVyZXNyYWRpYW50ZXMuY2FcL3dwLWNvbnRlbnRcL3VwbG9hZHNcLzIwMjZcLzA0XC9XaGF0c0FwcC1JbWFnZS0yMDI2LTA0LTAyLWF0LTguMDguNTgtUE0uanBlZyIsInNsaWRlc2hvdyI6ImQwZTFlMGQifQ%3D%3D\">\n\t\t\t\t\t<div class=\"e-gallery-image elementor-gallery-item__image\" data-thumbnail=\"https:\/\/mujeresradiantes.ca\/wp-content\/uploads\/2026\/04\/WhatsApp-Image-2026-04-02-at-8.08.58-PM-225x300.jpeg\" data-width=\"225\" data-height=\"300\" aria-label=\"\" role=\"img\" ><\/div>\n\t\t\t\t\t\t\t\t\t\t\t<div class=\"elementor-gallery-item__overlay\"><\/div>\n\t\t\t\t\t\t\t\t\t\t\t\t\t\t<\/a>\n\t\t\t\t\t<\/div>\n\t\t\t\t\t<\/div>\n\t\t\t\t<\/div>\n\t\t\t\t<\/div>\n\t\t\t\t<\/div>","protected":false},"excerpt":{"rendered":"<p>Con gran alegr\u00eda les anunciamos que este a\u00f1o 2025 se estableci\u00f3 una misi\u00f3n de la fundaci\u00f3n para expandir el cristianismo y la feminidad b\u00edblica en Canc\u00fan, M\u00e9xico. \u00a1Escr\u00edbenos y s\u00e9 parte de esta misi\u00f3n! https:\/\/mujeresradiantes.ca\/wp-content\/uploads\/2025\/09\/WhatsApp-Video-2025-09-03-at-3.31.45-PM.mp4 Conferencias en &#8220;Cuna Maya&#8221; en Canc\u00fan, Quintana Roo, M\u00e9xico. Tema: &#8220;El salvador de las causas perdidas&#8221; Conferencias en la Iglesia [&hellip;]<\/p>\n","protected":false},"author":1,"featured_media":0,"parent":0,"menu_order":0,"comment_status":"closed","ping_status":"closed","template":"","meta":{"give_campaign_id":0,"_themeisle_gutenberg_block_has_review":false,"footnotes":""},"class_list":["post-2683","page","type-page","status-publish","hentry"],"campaignId":"","_links":{"self":[{"href":"https:\/\/mujeresradiantes.ca\/en_ca\/wp-json\/wp\/v2\/pages\/2683","targetHints":{"allow":["GET"]}}],"collection":[{"href":"https:\/\/mujeresradiantes.ca\/en_ca\/wp-json\/wp\/v2\/pages"}],"about":[{"href":"https:\/\/mujeresradiantes.ca\/en_ca\/wp-json\/wp\/v2\/types\/page"}],"author":[{"embeddable":true,"href":"https:\/\/mujeresradiantes.ca\/en_ca\/wp-json\/wp\/v2\/users\/1"}],"replies":[{"embeddable":true,"href":"https:\/\/mujeresradiantes.ca\/en_ca\/wp-json\/wp\/v2\/comments?post=2683"}],"version-history":[{"count":45,"href":"https:\/\/mujeresradiantes.ca\/en_ca\/wp-json\/wp\/v2\/pages\/2683\/revisions"}],"predecessor-version":[{"id":3354,"href":"https:\/\/mujeresradiantes.ca\/en_ca\/wp-json\/wp\/v2\/pages\/2683\/revisions\/3354"}],"wp:attachment":[{"href":"https:\/\/mujeresradiantes.ca\/en_ca\/wp-json\/wp\/v2\/media?parent=2683"}],"curies":[{"name":"wp","href":"https:\/\/api.w.org\/{rel}","templated":true}]}}