{"id":3222,"date":"2026-02-16T17:49:28","date_gmt":"2026-02-16T17:49:28","guid":{"rendered":"https:\/\/mujeresradiantes.ca\/?page_id=3222"},"modified":"2026-02-16T20:28:57","modified_gmt":"2026-02-16T20:28:57","slug":"acerca-de-leydi-campos","status":"publish","type":"page","link":"https:\/\/mujeresradiantes.ca\/en_ca\/acerca-de-leydi-campos\/","title":{"rendered":"Acerca de Leydi Campos"},"content":{"rendered":"<div data-elementor-type=\"wp-page\" data-elementor-id=\"3222\" class=\"elementor elementor-3222\" data-elementor-post-type=\"page\">\n\t\t\t\t<div class=\"elementor-element elementor-element-9c207ce e-con-full e-flex e-con e-parent\" data-id=\"9c207ce\" data-element_type=\"container\" data-e-type=\"container\" data-settings=\"{&quot;background_background&quot;:&quot;classic&quot;,&quot;shape_divider_top&quot;:&quot;opacity-fan&quot;}\">\n\t\t\t\t<div class=\"elementor-shape elementor-shape-top\" aria-hidden=\"true\" data-negative=\"false\">\n\t\t\t<svg xmlns=\"http:\/\/www.w3.org\/2000\/svg\" viewbox=\"0 0 283.5 19.6\" preserveaspectratio=\"none\">\n\t<path class=\"elementor-shape-fill\" style=\"opacity:0.33\" d=\"M0 0L0 18.8 141.8 4.1 283.5 18.8 283.5 0z\"\/>\n\t<path class=\"elementor-shape-fill\" style=\"opacity:0.33\" d=\"M0 0L0 12.6 141.8 4 283.5 12.6 283.5 0z\"\/>\n\t<path class=\"elementor-shape-fill\" style=\"opacity:0.33\" d=\"M0 0L0 6.4 141.8 4 283.5 6.4 283.5 0z\"\/>\n\t<path class=\"elementor-shape-fill\" d=\"M0 0L0 1.2 141.8 4 283.5 1.2 283.5 0z\"\/>\n<\/svg>\t\t<\/div>\n\t\t\t\t<div class=\"elementor-element elementor-element-2b02977 e-transform elementor-widget elementor-widget-heading\" data-id=\"2b02977\" data-element_type=\"widget\" data-e-type=\"widget\" data-settings=\"{&quot;_transform_translateY_effect&quot;:{&quot;unit&quot;:&quot;px&quot;,&quot;size&quot;:195,&quot;sizes&quot;:[]},&quot;_transform_translateX_effect&quot;:{&quot;unit&quot;:&quot;px&quot;,&quot;size&quot;:&quot;&quot;,&quot;sizes&quot;:[]},&quot;_transform_translateX_effect_tablet&quot;:{&quot;unit&quot;:&quot;px&quot;,&quot;size&quot;:&quot;&quot;,&quot;sizes&quot;:[]},&quot;_transform_translateX_effect_mobile&quot;:{&quot;unit&quot;:&quot;px&quot;,&quot;size&quot;:&quot;&quot;,&quot;sizes&quot;:[]},&quot;_transform_translateY_effect_tablet&quot;:{&quot;unit&quot;:&quot;px&quot;,&quot;size&quot;:&quot;&quot;,&quot;sizes&quot;:[]},&quot;_transform_translateY_effect_mobile&quot;:{&quot;unit&quot;:&quot;px&quot;,&quot;size&quot;:&quot;&quot;,&quot;sizes&quot;:[]}}\" data-widget_type=\"heading.default\">\n\t\t\t\t<div class=\"elementor-widget-container\">\n\t\t\t\t\t<h2 class=\"elementor-heading-title elementor-size-default\">About Leydi Campos Vera<\/h2>\t\t\t\t<\/div>\n\t\t\t\t<\/div>\n\t\t\t\t<\/div>\n\t\t<div class=\"elementor-element elementor-element-6559305 e-con-full e-flex e-con e-parent\" data-id=\"6559305\" data-element_type=\"container\" data-e-type=\"container\">\n\t\t<div class=\"elementor-element elementor-element-4b5cd0e e-con-full e-flex e-con e-child\" data-id=\"4b5cd0e\" data-element_type=\"container\" data-e-type=\"container\">\n\t\t\t\t<div class=\"elementor-element elementor-element-8c4242f elementor-widget elementor-widget-image\" data-id=\"8c4242f\" data-element_type=\"widget\" data-e-type=\"widget\" data-widget_type=\"image.default\">\n\t\t\t\t<div class=\"elementor-widget-container\">\n\t\t\t\t\t\t\t\t\t\t\t\t\t\t\t<img fetchpriority=\"high\" decoding=\"async\" width=\"768\" height=\"1130\" src=\"https:\/\/mujeresradiantes.ca\/wp-content\/uploads\/2024\/10\/Ioly-768x1130.jpeg\" class=\"attachment-medium_large size-medium_large wp-image-739\" alt=\"\" srcset=\"https:\/\/mujeresradiantes.ca\/wp-content\/uploads\/2024\/10\/Ioly-768x1130.jpeg 768w, https:\/\/mujeresradiantes.ca\/wp-content\/uploads\/2024\/10\/Ioly-600x883.jpeg 600w, https:\/\/mujeresradiantes.ca\/wp-content\/uploads\/2024\/10\/Ioly-204x300.jpeg 204w, https:\/\/mujeresradiantes.ca\/wp-content\/uploads\/2024\/10\/Ioly-696x1024.jpeg 696w, https:\/\/mujeresradiantes.ca\/wp-content\/uploads\/2024\/10\/Ioly-1044x1536.jpeg 1044w, https:\/\/mujeresradiantes.ca\/wp-content\/uploads\/2024\/10\/Ioly-8x12.jpeg 8w, https:\/\/mujeresradiantes.ca\/wp-content\/uploads\/2024\/10\/Ioly.jpeg 1087w\" sizes=\"(max-width: 768px) 100vw, 768px\" \/>\t\t\t\t\t\t\t\t\t\t\t\t\t\t\t<\/div>\n\t\t\t\t<\/div>\n\t\t\t\t<\/div>\n\t\t<div class=\"elementor-element elementor-element-04c441b e-con-full e-flex e-con e-child\" data-id=\"04c441b\" data-element_type=\"container\" data-e-type=\"container\">\n\t\t\t\t<div class=\"elementor-element elementor-element-52f7327 elementor-widget elementor-widget-text-editor\" data-id=\"52f7327\" data-element_type=\"widget\" data-e-type=\"widget\" data-widget_type=\"text-editor.default\">\n\t\t\t\t<div class=\"elementor-widget-container\">\n\t\t\t\t\t\t\t\t\t<p>Fundadora y l\u00edder de las ense\u00f1anzas sobre la feminidad b\u00edblica en &#8220;Leydi Campos Canadian Women\u00b4s Foundation Inc&#8221;. Un ministerio de alcance de &#8220;Mujeres Radiantes&#8221; que son llamadas a libertad, plenitud y abundancia en Cristo.<\/p>\t\t\t\t\t\t\t\t<\/div>\n\t\t\t\t<\/div>\n\t\t\t\t<\/div>\n\t\t\t\t<\/div>\n\t\t\t\t<\/div>","protected":false},"excerpt":{"rendered":"<p>Acerca de Leydi Campos Vera Fundadora y l\u00edder de las ense\u00f1anzas sobre la feminidad b\u00edblica en &#8220;Leydi Campos Canadian Women\u00b4s Foundation Inc&#8221;. Un ministerio de alcance de &#8220;Mujeres Radiantes&#8221; que son llamadas a libertad, plenitud y abundancia en Cristo.<\/p>","protected":false},"author":1,"featured_media":0,"parent":0,"menu_order":0,"comment_status":"closed","ping_status":"closed","template":"elementor_canvas","meta":{"give_campaign_id":0,"_themeisle_gutenberg_block_has_review":false,"footnotes":""},"class_list":["post-3222","page","type-page","status-publish","hentry"],"campaignId":"","_links":{"self":[{"href":"https:\/\/mujeresradiantes.ca\/en_ca\/wp-json\/wp\/v2\/pages\/3222","targetHints":{"allow":["GET"]}}],"collection":[{"href":"https:\/\/mujeresradiantes.ca\/en_ca\/wp-json\/wp\/v2\/pages"}],"about":[{"href":"https:\/\/mujeresradiantes.ca\/en_ca\/wp-json\/wp\/v2\/types\/page"}],"author":[{"embeddable":true,"href":"https:\/\/mujeresradiantes.ca\/en_ca\/wp-json\/wp\/v2\/users\/1"}],"replies":[{"embeddable":true,"href":"https:\/\/mujeresradiantes.ca\/en_ca\/wp-json\/wp\/v2\/comments?post=3222"}],"version-history":[{"count":13,"href":"https:\/\/mujeresradiantes.ca\/en_ca\/wp-json\/wp\/v2\/pages\/3222\/revisions"}],"predecessor-version":[{"id":3258,"href":"https:\/\/mujeresradiantes.ca\/en_ca\/wp-json\/wp\/v2\/pages\/3222\/revisions\/3258"}],"wp:attachment":[{"href":"https:\/\/mujeresradiantes.ca\/en_ca\/wp-json\/wp\/v2\/media?parent=3222"}],"curies":[{"name":"wp","href":"https:\/\/api.w.org\/{rel}","templated":true}]}}