{"id":34,"date":"2024-08-24T20:22:15","date_gmt":"2024-08-24T20:22:15","guid":{"rendered":"https:\/\/mujeresradiantes.ca\/?page_id=34"},"modified":"2026-02-16T20:37:02","modified_gmt":"2026-02-16T20:37:02","slug":"blog","status":"publish","type":"page","link":"https:\/\/mujeresradiantes.ca\/en_ca\/blog\/","title":{"rendered":"Volunteers"},"content":{"rendered":"<div data-elementor-type=\"wp-page\" data-elementor-id=\"34\" class=\"elementor elementor-34\" data-elementor-post-type=\"page\">\n\t\t\t\t<div class=\"elementor-element elementor-element-25b21445 e-flex e-con-boxed e-con e-parent\" data-id=\"25b21445\" data-element_type=\"container\" data-e-type=\"container\">\n\t\t\t\t\t<div class=\"e-con-inner\">\n\t\t\t\t<div class=\"elementor-element elementor-element-2c6ab890 elementor-widget elementor-widget-text-editor\" data-id=\"2c6ab890\" data-element_type=\"widget\" data-e-type=\"widget\" data-widget_type=\"text-editor.default\">\n\t\t\t\t<div class=\"elementor-widget-container\">\n\t\t\t\t\t\t\t\t\t\n<p><\/p>\n\n\n\n<h2 class=\"wp-block-heading has-text-align-center\">VOLUNTEERS<\/h2>\n\n\n\n<p><\/p>\n\n\n\n<h2 class=\"wp-block-heading has-text-align-center\"><strong>Prayer Leaders<\/strong><\/h2>\n\n\n\n<p><\/p>\n\n\n\n<div class=\"wp-block-columns is-layout-flex wp-container-core-columns-is-layout-28f84493 wp-block-columns-is-layout-flex\">\n<div class=\"wp-block-column is-layout-flow wp-block-column-is-layout-flow\" style=\"flex-basis:100%\">\n<div class=\"wp-block-group is-content-justification-center is-nowrap is-layout-flex wp-container-core-group-is-layout-23441af8 wp-block-group-is-layout-flex\">\n<figure class=\"wp-block-image size-large is-resized is-style-default\"><img fetchpriority=\"high\" decoding=\"async\" width=\"577\" height=\"834\" src=\"https:\/\/mujeresradiantes.ca\/wp-content\/uploads\/2024\/10\/juana-5.jpeg\" alt=\"\" class=\"wp-image-701\" style=\"width:245px;height:auto\" srcset=\"https:\/\/mujeresradiantes.ca\/wp-content\/uploads\/2024\/10\/juana-5.jpeg 577w, https:\/\/mujeresradiantes.ca\/wp-content\/uploads\/2024\/10\/juana-5-208x300.jpeg 208w, https:\/\/mujeresradiantes.ca\/wp-content\/uploads\/2024\/10\/juana-5-8x12.jpeg 8w\" sizes=\"(max-width: 577px) 100vw, 577px\" \/><figcaption class=\"wp-element-caption\">        <strong>Juana Escalante<\/strong><\/figcaption><\/figure>\n\n\n\n<figure class=\"wp-block-image size-full is-resized is-style-default\"><img decoding=\"async\" width=\"234\" height=\"340\" src=\"https:\/\/mujeresradiantes.ca\/wp-content\/uploads\/2024\/10\/photo_4965256179185986666_y.jpg\" alt=\"\" class=\"wp-image-833\" style=\"width:244px;height:auto\" srcset=\"https:\/\/mujeresradiantes.ca\/wp-content\/uploads\/2024\/10\/photo_4965256179185986666_y.jpg 234w, https:\/\/mujeresradiantes.ca\/wp-content\/uploads\/2024\/10\/photo_4965256179185986666_y-206x300.jpg 206w, https:\/\/mujeresradiantes.ca\/wp-content\/uploads\/2024\/10\/photo_4965256179185986666_y-8x12.jpg 8w\" sizes=\"(max-width: 234px) 100vw, 234px\" \/><figcaption class=\"wp-element-caption\"><strong>Ma. Refugio Escobar de Dom\u00ednguez<\/strong><\/figcaption><\/figure>\n\n\n\n<figure class=\"wp-block-image size-full is-resized\"><img decoding=\"async\" width=\"406\" height=\"560\" src=\"https:\/\/mujeresradiantes.ca\/wp-content\/uploads\/2024\/10\/2DCD5D7C-DAFA-4108-9C48-3670FF6CE513-4.jpg\" alt=\"\" class=\"wp-image-704\" style=\"width:261px;height:auto\" srcset=\"https:\/\/mujeresradiantes.ca\/wp-content\/uploads\/2024\/10\/2DCD5D7C-DAFA-4108-9C48-3670FF6CE513-4.jpg 406w, https:\/\/mujeresradiantes.ca\/wp-content\/uploads\/2024\/10\/2DCD5D7C-DAFA-4108-9C48-3670FF6CE513-4-218x300.jpg 218w, https:\/\/mujeresradiantes.ca\/wp-content\/uploads\/2024\/10\/2DCD5D7C-DAFA-4108-9C48-3670FF6CE513-4-9x12.jpg 9w\" sizes=\"(max-width: 406px) 100vw, 406px\" \/><figcaption class=\"wp-element-caption\"><strong>Juana Domingo de Ort\u00edz <\/strong><\/figcaption><\/figure>\n\n\n\n<figure class=\"wp-block-image size-large is-resized\"><img loading=\"lazy\" decoding=\"async\" width=\"897\" height=\"1024\" src=\"https:\/\/mujeresradiantes.ca\/wp-content\/uploads\/2024\/10\/magui-5-897x1024.jpg\" alt=\"\" class=\"wp-image-685\" style=\"width:312px;height:auto\" srcset=\"https:\/\/mujeresradiantes.ca\/wp-content\/uploads\/2024\/10\/magui-5-897x1024.jpg 897w, https:\/\/mujeresradiantes.ca\/wp-content\/uploads\/2024\/10\/magui-5-600x685.jpg 600w, https:\/\/mujeresradiantes.ca\/wp-content\/uploads\/2024\/10\/magui-5-263x300.jpg 263w, https:\/\/mujeresradiantes.ca\/wp-content\/uploads\/2024\/10\/magui-5-768x876.jpg 768w, https:\/\/mujeresradiantes.ca\/wp-content\/uploads\/2024\/10\/magui-5-1346x1536.jpg 1346w, https:\/\/mujeresradiantes.ca\/wp-content\/uploads\/2024\/10\/magui-5-11x12.jpg 11w, https:\/\/mujeresradiantes.ca\/wp-content\/uploads\/2024\/10\/magui-5.jpg 1402w\" sizes=\"(max-width: 897px) 100vw, 897px\" \/><figcaption class=\"wp-element-caption\"><strong>Margarita Pastor de Aguilar<\/strong><\/figcaption><\/figure>\n<\/div>\n<\/div>\n<\/div>\n\n\n\n<div class=\"wp-block-group is-content-justification-center is-nowrap is-layout-flex wp-container-core-group-is-layout-23441af8 wp-block-group-is-layout-flex\">\n<figure class=\"wp-block-image size-large is-resized\"><img loading=\"lazy\" decoding=\"async\" width=\"855\" height=\"1024\" src=\"https:\/\/mujeresradiantes.ca\/wp-content\/uploads\/2024\/10\/irma-8-855x1024.jpg\" alt=\"\" class=\"wp-image-683\" style=\"width:293px;height:auto\" srcset=\"https:\/\/mujeresradiantes.ca\/wp-content\/uploads\/2024\/10\/irma-8-855x1024.jpg 855w, https:\/\/mujeresradiantes.ca\/wp-content\/uploads\/2024\/10\/irma-8-600x718.jpg 600w, https:\/\/mujeresradiantes.ca\/wp-content\/uploads\/2024\/10\/irma-8-251x300.jpg 251w, https:\/\/mujeresradiantes.ca\/wp-content\/uploads\/2024\/10\/irma-8-768x919.jpg 768w, https:\/\/mujeresradiantes.ca\/wp-content\/uploads\/2024\/10\/irma-8-10x12.jpg 10w, https:\/\/mujeresradiantes.ca\/wp-content\/uploads\/2024\/10\/irma-8.jpg 924w\" sizes=\"(max-width: 855px) 100vw, 855px\" \/><figcaption class=\"wp-element-caption\"><strong>Irma Carrada <\/strong><\/figcaption><\/figure>\n\n\n\n<figure class=\"wp-block-image size-large is-resized\"><img loading=\"lazy\" decoding=\"async\" width=\"631\" height=\"1024\" src=\"https:\/\/mujeresradiantes.ca\/wp-content\/uploads\/2024\/10\/Karla-6-631x1024.jpg\" alt=\"\" class=\"wp-image-684\" style=\"width:216px;height:auto\" srcset=\"https:\/\/mujeresradiantes.ca\/wp-content\/uploads\/2024\/10\/Karla-6-631x1024.jpg 631w, https:\/\/mujeresradiantes.ca\/wp-content\/uploads\/2024\/10\/Karla-6-600x974.jpg 600w, https:\/\/mujeresradiantes.ca\/wp-content\/uploads\/2024\/10\/Karla-6-185x300.jpg 185w, https:\/\/mujeresradiantes.ca\/wp-content\/uploads\/2024\/10\/Karla-6-7x12.jpg 7w, https:\/\/mujeresradiantes.ca\/wp-content\/uploads\/2024\/10\/Karla-6.jpg 692w\" sizes=\"(max-width: 631px) 100vw, 631px\" \/><figcaption class=\"wp-element-caption\"><strong>Karla Mart\u00ednez<\/strong><\/figcaption><\/figure>\n\n\n\n<figure class=\"wp-block-image size-full is-resized\"><img loading=\"lazy\" decoding=\"async\" width=\"731\" height=\"920\" src=\"https:\/\/mujeresradiantes.ca\/wp-content\/uploads\/2024\/10\/luz-ma-5.jpeg\" alt=\"\" class=\"wp-image-691\" style=\"width:279px;height:auto\" srcset=\"https:\/\/mujeresradiantes.ca\/wp-content\/uploads\/2024\/10\/luz-ma-5.jpeg 731w, https:\/\/mujeresradiantes.ca\/wp-content\/uploads\/2024\/10\/luz-ma-5-600x755.jpeg 600w, https:\/\/mujeresradiantes.ca\/wp-content\/uploads\/2024\/10\/luz-ma-5-238x300.jpeg 238w, https:\/\/mujeresradiantes.ca\/wp-content\/uploads\/2024\/10\/luz-ma-5-10x12.jpeg 10w\" sizes=\"(max-width: 731px) 100vw, 731px\" \/><figcaption class=\"wp-element-caption\"><strong>Luz Ma. Salas<\/strong><\/figcaption><\/figure>\n\n\n\n<figure class=\"wp-block-image size-full is-resized\"><img loading=\"lazy\" decoding=\"async\" width=\"609\" height=\"964\" src=\"https:\/\/mujeresradiantes.ca\/wp-content\/uploads\/2024\/10\/araceli-7.jpeg\" alt=\"\" class=\"wp-image-703\" style=\"width:222px;height:auto\" srcset=\"https:\/\/mujeresradiantes.ca\/wp-content\/uploads\/2024\/10\/araceli-7.jpeg 609w, https:\/\/mujeresradiantes.ca\/wp-content\/uploads\/2024\/10\/araceli-7-600x950.jpeg 600w, https:\/\/mujeresradiantes.ca\/wp-content\/uploads\/2024\/10\/araceli-7-190x300.jpeg 190w, https:\/\/mujeresradiantes.ca\/wp-content\/uploads\/2024\/10\/araceli-7-8x12.jpeg 8w\" sizes=\"(max-width: 609px) 100vw, 609px\" \/><figcaption class=\"wp-element-caption\"><strong>Aracely Flores de Morales<\/strong><\/figcaption><\/figure>\n<\/div>\n\n\n\n<p><\/p>\n\n\n\n<p><\/p>\n\n\n\n<h2 class=\"wp-block-heading has-text-align-center\"><strong>Bible Reading<\/strong><\/h2>\n\n\n\n<div class=\"wp-block-group is-content-justification-center is-nowrap is-layout-flex wp-container-core-group-is-layout-23441af8 wp-block-group-is-layout-flex\">\n<figure class=\"wp-block-image size-full is-resized\"><img loading=\"lazy\" decoding=\"async\" width=\"554\" height=\"737\" src=\"https:\/\/mujeresradiantes.ca\/wp-content\/uploads\/2024\/10\/evelyn-1.jpg\" alt=\"\" class=\"wp-image-671\" style=\"width:280px;height:auto\" srcset=\"https:\/\/mujeresradiantes.ca\/wp-content\/uploads\/2024\/10\/evelyn-1.jpg 554w, https:\/\/mujeresradiantes.ca\/wp-content\/uploads\/2024\/10\/evelyn-1-226x300.jpg 226w, https:\/\/mujeresradiantes.ca\/wp-content\/uploads\/2024\/10\/evelyn-1-9x12.jpg 9w\" sizes=\"(max-width: 554px) 100vw, 554px\" \/><figcaption class=\"wp-element-caption\"><strong>Evelyn Rold\u00e1n<\/strong><\/figcaption><\/figure>\n\n\n\n<figure class=\"wp-block-image size-large is-resized\"><img loading=\"lazy\" decoding=\"async\" width=\"631\" height=\"1024\" src=\"https:\/\/mujeresradiantes.ca\/wp-content\/uploads\/2024\/10\/Karla-6-631x1024.jpg\" alt=\"\" class=\"wp-image-684\" style=\"width:231px;height:auto\" srcset=\"https:\/\/mujeresradiantes.ca\/wp-content\/uploads\/2024\/10\/Karla-6-631x1024.jpg 631w, https:\/\/mujeresradiantes.ca\/wp-content\/uploads\/2024\/10\/Karla-6-600x974.jpg 600w, https:\/\/mujeresradiantes.ca\/wp-content\/uploads\/2024\/10\/Karla-6-185x300.jpg 185w, https:\/\/mujeresradiantes.ca\/wp-content\/uploads\/2024\/10\/Karla-6-7x12.jpg 7w, https:\/\/mujeresradiantes.ca\/wp-content\/uploads\/2024\/10\/Karla-6.jpg 692w\" sizes=\"(max-width: 631px) 100vw, 631px\" \/><figcaption class=\"wp-element-caption\"><strong>Karla Mart\u00ednez<\/strong><\/figcaption><\/figure>\n<\/div>\n\n\n\n<p><\/p>\n\n\n\n<h2 class=\"wp-block-heading has-text-align-center\">Evangelism <\/h2>\n\n\n\n<div class=\"wp-block-group is-vertical is-content-justification-center is-layout-flex wp-container-core-group-is-layout-ce155fab wp-block-group-is-layout-flex\">\n<figure class=\"wp-block-image size-large is-resized\"><img loading=\"lazy\" decoding=\"async\" width=\"825\" height=\"1024\" src=\"https:\/\/mujeresradiantes.ca\/wp-content\/uploads\/2024\/10\/leydi-825x1024.jpeg\" alt=\"\" class=\"wp-image-802\" style=\"width:274px;height:auto\" srcset=\"https:\/\/mujeresradiantes.ca\/wp-content\/uploads\/2024\/10\/leydi-825x1024.jpeg 825w, https:\/\/mujeresradiantes.ca\/wp-content\/uploads\/2024\/10\/leydi-600x745.jpeg 600w, https:\/\/mujeresradiantes.ca\/wp-content\/uploads\/2024\/10\/leydi-242x300.jpeg 242w, https:\/\/mujeresradiantes.ca\/wp-content\/uploads\/2024\/10\/leydi-768x953.jpeg 768w, https:\/\/mujeresradiantes.ca\/wp-content\/uploads\/2024\/10\/leydi-1237x1536.jpeg 1237w, https:\/\/mujeresradiantes.ca\/wp-content\/uploads\/2024\/10\/leydi-10x12.jpeg 10w, https:\/\/mujeresradiantes.ca\/wp-content\/uploads\/2024\/10\/leydi.jpeg 1289w\" sizes=\"(max-width: 825px) 100vw, 825px\" \/><figcaption class=\"wp-element-caption\"><strong>Leydi Campos Vera<\/strong><\/figcaption><\/figure>\n\n\n\n<h2 class=\"wp-block-heading has-text-align-center\">Through conferences, Biblical, legal, family counseling. Expansion of Christianity in different Women's Detention Centers through a daily infusion of Grace, hope and Christ-centered Biblical thinking.<\/h2>\n<\/div>\n\n\n\n<p><\/p>\n\n\n\n<h2 class=\"wp-block-heading has-text-align-center\">Questions and Answers<\/h2>\n\n\n\n<div class=\"wp-block-group is-content-justification-center is-nowrap is-layout-flex wp-container-core-group-is-layout-23441af8 wp-block-group-is-layout-flex\">\n<figure class=\"wp-block-image size-full is-resized\"><img loading=\"lazy\" decoding=\"async\" width=\"646\" height=\"680\" src=\"https:\/\/mujeresradiantes.ca\/wp-content\/uploads\/2024\/10\/photo_4965256179185986661_y.jpg\" alt=\"\" class=\"wp-image-809\" style=\"width:346px;height:auto\" srcset=\"https:\/\/mujeresradiantes.ca\/wp-content\/uploads\/2024\/10\/photo_4965256179185986661_y.jpg 646w, https:\/\/mujeresradiantes.ca\/wp-content\/uploads\/2024\/10\/photo_4965256179185986661_y-600x632.jpg 600w, https:\/\/mujeresradiantes.ca\/wp-content\/uploads\/2024\/10\/photo_4965256179185986661_y-285x300.jpg 285w, https:\/\/mujeresradiantes.ca\/wp-content\/uploads\/2024\/10\/photo_4965256179185986661_y-11x12.jpg 11w\" sizes=\"(max-width: 646px) 100vw, 646px\" \/><figcaption class=\"wp-element-caption\"><strong>Alma L. Sarabia Maceda<\/strong><\/figcaption><\/figure>\n\n\n\n<figure class=\"wp-block-image size-large is-resized\"><img loading=\"lazy\" decoding=\"async\" width=\"867\" height=\"1024\" src=\"https:\/\/mujeresradiantes.ca\/wp-content\/uploads\/2024\/10\/leydi-c-867x1024.jpeg\" alt=\"\" class=\"wp-image-807\" style=\"width:309px;height:auto\" srcset=\"https:\/\/mujeresradiantes.ca\/wp-content\/uploads\/2024\/10\/leydi-c-867x1024.jpeg 867w, https:\/\/mujeresradiantes.ca\/wp-content\/uploads\/2024\/10\/leydi-c-600x709.jpeg 600w, https:\/\/mujeresradiantes.ca\/wp-content\/uploads\/2024\/10\/leydi-c-254x300.jpeg 254w, https:\/\/mujeresradiantes.ca\/wp-content\/uploads\/2024\/10\/leydi-c-768x907.jpeg 768w, https:\/\/mujeresradiantes.ca\/wp-content\/uploads\/2024\/10\/leydi-c-10x12.jpeg 10w, https:\/\/mujeresradiantes.ca\/wp-content\/uploads\/2024\/10\/leydi-c.jpeg 900w\" sizes=\"(max-width: 867px) 100vw, 867px\" \/><figcaption class=\"wp-element-caption\"><strong>Leydi Campos Vera<\/strong><\/figcaption><\/figure>\n<\/div>\n\n\n\n<p><\/p>\n\n\n\n<h2 class=\"wp-block-heading has-text-align-center\">Human Rights Conferences<\/h2>\n\n\n\n<div class=\"wp-block-group is-content-justification-center is-nowrap is-layout-flex wp-container-core-group-is-layout-23441af8 wp-block-group-is-layout-flex\">\n<figure class=\"wp-block-image size-large is-resized\"><img loading=\"lazy\" decoding=\"async\" width=\"576\" height=\"1024\" src=\"https:\/\/mujeresradiantes.ca\/wp-content\/uploads\/2024\/10\/WhatsApp-Image-2024-10-20-at-7.34.41-PM-576x1024.jpeg\" alt=\"\" class=\"wp-image-875\" style=\"width:211px;height:auto\" srcset=\"https:\/\/mujeresradiantes.ca\/wp-content\/uploads\/2024\/10\/WhatsApp-Image-2024-10-20-at-7.34.41-PM-576x1024.jpeg 576w, https:\/\/mujeresradiantes.ca\/wp-content\/uploads\/2024\/10\/WhatsApp-Image-2024-10-20-at-7.34.41-PM-600x1067.jpeg 600w, https:\/\/mujeresradiantes.ca\/wp-content\/uploads\/2024\/10\/WhatsApp-Image-2024-10-20-at-7.34.41-PM-169x300.jpeg 169w, https:\/\/mujeresradiantes.ca\/wp-content\/uploads\/2024\/10\/WhatsApp-Image-2024-10-20-at-7.34.41-PM-768x1366.jpeg 768w, https:\/\/mujeresradiantes.ca\/wp-content\/uploads\/2024\/10\/WhatsApp-Image-2024-10-20-at-7.34.41-PM-864x1536.jpeg 864w, https:\/\/mujeresradiantes.ca\/wp-content\/uploads\/2024\/10\/WhatsApp-Image-2024-10-20-at-7.34.41-PM-7x12.jpeg 7w, https:\/\/mujeresradiantes.ca\/wp-content\/uploads\/2024\/10\/WhatsApp-Image-2024-10-20-at-7.34.41-PM.jpeg 899w\" sizes=\"(max-width: 576px) 100vw, 576px\" \/><figcaption class=\"wp-element-caption\"><strong>Sarah\u00ed Cruz<\/strong><\/figcaption><\/figure>\n<\/div>\n\n\n\n<p><\/p>\n\n\n\n<h2 class=\"wp-block-heading has-text-align-center\">Prison Ministry<\/h2>\n\n\n\n<p><\/p>\n\n\n\n<div class=\"wp-block-group is-content-justification-center is-nowrap is-layout-flex wp-container-core-group-is-layout-23441af8 wp-block-group-is-layout-flex\">\n<figure class=\"wp-block-image size-full is-resized\"><img loading=\"lazy\" decoding=\"async\" width=\"234\" height=\"340\" src=\"https:\/\/mujeresradiantes.ca\/wp-content\/uploads\/2024\/10\/photo_4965256179185986666_y.jpg\" alt=\"\" class=\"wp-image-833\" style=\"width:270px;height:auto\" srcset=\"https:\/\/mujeresradiantes.ca\/wp-content\/uploads\/2024\/10\/photo_4965256179185986666_y.jpg 234w, https:\/\/mujeresradiantes.ca\/wp-content\/uploads\/2024\/10\/photo_4965256179185986666_y-206x300.jpg 206w, https:\/\/mujeresradiantes.ca\/wp-content\/uploads\/2024\/10\/photo_4965256179185986666_y-8x12.jpg 8w\" sizes=\"(max-width: 234px) 100vw, 234px\" \/><\/figure>\n<\/div>\n\n\n\n<p class=\"has-text-align-center\"><strong>Ma. Refugio Escobar de Dom\u00ednguez<\/strong><\/p>\n\n\n\n<div class=\"wp-block-group is-content-justification-center is-nowrap is-layout-flex wp-container-core-group-is-layout-23441af8 wp-block-group-is-layout-flex\"><\/div>\n\t\t\t\t\t\t\t\t<\/div>\n\t\t\t\t<\/div>\n\t\t\t\t\t<\/div>\n\t\t\t\t<\/div>\n\t\t\t\t<\/div>","protected":false},"excerpt":{"rendered":"<p>VOLUNTARIADO L\u00edderes de oraci\u00f3n Lectura B\u00edblica Evangelizaci\u00f3n A trav\u00e9s de conferencias, consejerias Biblicas, legales, familiares. Expansi\u00f3n del Cristianismo en diferentes Centros de Detenci\u00f3n de Mujeres a trav\u00e9s de una infusi\u00f3n diaria de Gracia, de esperanza y de pensamiento B\u00edblico Cristo c\u00e9ntrico Preguntas y respuestas Conferencias de Derechos Humanos Ministerios Cautivas Ma. Refugio Escobar de Dom\u00ednguez<\/p>","protected":false},"author":1,"featured_media":0,"parent":0,"menu_order":0,"comment_status":"closed","ping_status":"closed","template":"","meta":{"give_campaign_id":0,"_themeisle_gutenberg_block_has_review":false,"footnotes":""},"class_list":["post-34","page","type-page","status-publish","hentry"],"campaignId":"","_links":{"self":[{"href":"https:\/\/mujeresradiantes.ca\/en_ca\/wp-json\/wp\/v2\/pages\/34","targetHints":{"allow":["GET"]}}],"collection":[{"href":"https:\/\/mujeresradiantes.ca\/en_ca\/wp-json\/wp\/v2\/pages"}],"about":[{"href":"https:\/\/mujeresradiantes.ca\/en_ca\/wp-json\/wp\/v2\/types\/page"}],"author":[{"embeddable":true,"href":"https:\/\/mujeresradiantes.ca\/en_ca\/wp-json\/wp\/v2\/users\/1"}],"replies":[{"embeddable":true,"href":"https:\/\/mujeresradiantes.ca\/en_ca\/wp-json\/wp\/v2\/comments?post=34"}],"version-history":[{"count":55,"href":"https:\/\/mujeresradiantes.ca\/en_ca\/wp-json\/wp\/v2\/pages\/34\/revisions"}],"predecessor-version":[{"id":3288,"href":"https:\/\/mujeresradiantes.ca\/en_ca\/wp-json\/wp\/v2\/pages\/34\/revisions\/3288"}],"wp:attachment":[{"href":"https:\/\/mujeresradiantes.ca\/en_ca\/wp-json\/wp\/v2\/media?parent=34"}],"curies":[{"name":"wp","href":"https:\/\/api.w.org\/{rel}","templated":true}]}}