{"id":3499,"date":"2026-04-28T19:14:50","date_gmt":"2026-04-28T19:14:50","guid":{"rendered":"https:\/\/mujeresradiantes.ca\/?page_id=3499"},"modified":"2026-04-28T19:31:58","modified_gmt":"2026-04-28T19:31:58","slug":"oracion-ferviente","status":"publish","type":"page","link":"https:\/\/mujeresradiantes.ca\/en_ca\/oracion-ferviente\/","title":{"rendered":"ORACI\u00d3N FERVIENTE"},"content":{"rendered":"<div data-elementor-type=\"wp-page\" data-elementor-id=\"3499\" class=\"elementor elementor-3499\" data-elementor-post-type=\"page\">\n\t\t\t\t<div class=\"elementor-element elementor-element-5fc07f1 e-con-full e-flex e-con e-parent\" data-id=\"5fc07f1\" data-element_type=\"container\" data-e-type=\"container\" data-settings=\"{&quot;shape_divider_bottom&quot;:&quot;tilt&quot;}\">\n\t\t\t\t<div class=\"elementor-shape elementor-shape-bottom\" aria-hidden=\"true\" data-negative=\"false\">\n\t\t\t<svg xmlns=\"http:\/\/www.w3.org\/2000\/svg\" viewbox=\"0 0 1000 100\" preserveaspectratio=\"none\">\n\t<path class=\"elementor-shape-fill\" d=\"M0,6V0h1000v100L0,6z\"\/>\n<\/svg>\t\t<\/div>\n\t\t\t\t<div class=\"elementor-element elementor-element-a74c536 elementor-widget elementor-widget-spacer\" data-id=\"a74c536\" data-element_type=\"widget\" data-e-type=\"widget\" data-widget_type=\"spacer.default\">\n\t\t\t\t<div class=\"elementor-widget-container\">\n\t\t\t\t\t\t\t<div class=\"elementor-spacer\">\n\t\t\t<div class=\"elementor-spacer-inner\"><\/div>\n\t\t<\/div>\n\t\t\t\t\t\t<\/div>\n\t\t\t\t<\/div>\n\t\t\t\t<\/div>\n\t\t<div class=\"elementor-element elementor-element-6916a97 e-con-full e-flex e-con e-parent\" data-id=\"6916a97\" data-element_type=\"container\" data-e-type=\"container\" data-settings=\"{&quot;background_background&quot;:&quot;classic&quot;}\">\n\t\t\t\t<div class=\"elementor-element elementor-element-fd6dc3c elementor-widget elementor-widget-text-editor\" data-id=\"fd6dc3c\" data-element_type=\"widget\" data-e-type=\"widget\" data-widget_type=\"text-editor.default\">\n\t\t\t\t<div class=\"elementor-widget-container\">\n\t\t\t\t\t\t\t\t\t<p>Orando en todo tiempo con toda oraci\u00f3n y s\u00faplica en el Esp\u00edritu, y velando en ello con toda perseverancia y s\u00faplica por todos los santos.<\/p><p><a class=\"vc\" href=\"https:\/\/dailyverses.net\/es\/1-tesalonicenses\/5\/16-18\">Ephesians 6:18<\/a><\/p><p>\u00a0<\/p><p>Est\u00e9n siempre alegres, oren sin cesar, den gracias a Dios en toda situaci\u00f3n, porque esta es su voluntad para ustedes en Cristo Jes\u00fas.<\/p><p><a class=\"vc\" href=\"https:\/\/dailyverses.net\/es\/1-tesalonicenses\/5\/16-18\">1 Thessalonians 5:16-18<\/a><\/p><p>\u00a0<\/p><p><span class=\"v2\">No se preocupen por nada; m\u00e1s bien, en toda ocasi\u00f3n, con oraci\u00f3n y ruego, presenten sus peticiones a Dios y denle gracias. Y la paz de Dios, que sobrepasa todo entendimiento, cuidar\u00e1 sus corazones y sus pensamientos en Cristo Jes\u00fas.<\/span><\/p><p><a class=\"vc\" href=\"https:\/\/dailyverses.net\/es\/filipenses\/4\/6-7\">Filipenses 4:6-7<\/a><\/p><div>\u00a0<\/div><div><p><span class=\"v2\">Esta es la confianza que tenemos al acercarnos a Dios: que, si pedimos cualquier cosa conforme a su voluntad, \u00e9l nos oye.<\/span><\/p><div class=\"vr\"><a class=\"vc\" href=\"https:\/\/dailyverses.net\/es\/1-juan\/5\/14\">1 Juan 5:14<\/a><\/div><div>\u00a0<\/div><div><p><span class=\"v2\">Al\u00e9grense en la esperanza, muestren paciencia en el sufrimiento, perseveren en la oraci\u00f3n.<\/span><\/p><div class=\"vr\"><a class=\"vc\" href=\"https:\/\/dailyverses.net\/es\/romanos\/12\/12\">Romanos 12:12<\/a><\/div><div>\u00a0<\/div><\/div><div><p><span class=\"v2\">As\u00ed que acerqu\u00e9monos confiadamente al trono de la gracia para recibir la misericordia y encontrar la gracia que nos ayuden oportunamente.<\/span><\/p><div class=\"vr\"><a class=\"vc\" href=\"https:\/\/dailyverses.net\/es\/hebreos\/4\/16\">Hebreos 4:16<\/a><\/div><\/div><\/div>\t\t\t\t\t\t\t\t<\/div>\n\t\t\t\t<\/div>\n\t\t\t\t<\/div>\n\t\t\t\t<\/div>","protected":false},"excerpt":{"rendered":"<p>Orando en todo tiempo con toda oraci\u00f3n y s\u00faplica en el Esp\u00edritu, y velando en ello con toda perseverancia y s\u00faplica por todos los santos. Efesios 6:18 \u00a0 Est\u00e9n siempre alegres, oren sin cesar, den gracias a Dios en toda situaci\u00f3n, porque esta es su voluntad para ustedes en Cristo Jes\u00fas. 1 Tesalonicenses 5:16-18 \u00a0 [&hellip;]<\/p>\n","protected":false},"author":1,"featured_media":0,"parent":0,"menu_order":0,"comment_status":"closed","ping_status":"closed","template":"","meta":{"give_campaign_id":0,"_themeisle_gutenberg_block_has_review":false,"footnotes":""},"class_list":["post-3499","page","type-page","status-publish","hentry"],"campaignId":"","_links":{"self":[{"href":"https:\/\/mujeresradiantes.ca\/en_ca\/wp-json\/wp\/v2\/pages\/3499","targetHints":{"allow":["GET"]}}],"collection":[{"href":"https:\/\/mujeresradiantes.ca\/en_ca\/wp-json\/wp\/v2\/pages"}],"about":[{"href":"https:\/\/mujeresradiantes.ca\/en_ca\/wp-json\/wp\/v2\/types\/page"}],"author":[{"embeddable":true,"href":"https:\/\/mujeresradiantes.ca\/en_ca\/wp-json\/wp\/v2\/users\/1"}],"replies":[{"embeddable":true,"href":"https:\/\/mujeresradiantes.ca\/en_ca\/wp-json\/wp\/v2\/comments?post=3499"}],"version-history":[{"count":10,"href":"https:\/\/mujeresradiantes.ca\/en_ca\/wp-json\/wp\/v2\/pages\/3499\/revisions"}],"predecessor-version":[{"id":3513,"href":"https:\/\/mujeresradiantes.ca\/en_ca\/wp-json\/wp\/v2\/pages\/3499\/revisions\/3513"}],"wp:attachment":[{"href":"https:\/\/mujeresradiantes.ca\/en_ca\/wp-json\/wp\/v2\/media?parent=3499"}],"curies":[{"name":"wp","href":"https:\/\/api.w.org\/{rel}","templated":true}]}}