{"id":3526,"date":"2026-04-28T21:38:39","date_gmt":"2026-04-28T21:38:39","guid":{"rendered":"https:\/\/mujeresradiantes.ca\/?page_id=3526"},"modified":"2026-04-28T21:43:49","modified_gmt":"2026-04-28T21:43:49","slug":"ministerio-mujeres-radiantes","status":"publish","type":"page","link":"https:\/\/mujeresradiantes.ca\/en_ca\/ministerio-mujeres-radiantes\/","title":{"rendered":"MINISTERIO &#8220;MUJERES RADIANTES&#8221;"},"content":{"rendered":"<div data-elementor-type=\"wp-page\" data-elementor-id=\"3526\" class=\"elementor elementor-3526\" data-elementor-post-type=\"page\">\n\t\t\t\t<div class=\"elementor-element elementor-element-42a6ae9 e-con-full e-flex e-con e-parent\" data-id=\"42a6ae9\" data-element_type=\"container\" data-e-type=\"container\" data-settings=\"{&quot;background_background&quot;:&quot;classic&quot;,&quot;shape_divider_bottom&quot;:&quot;mountains&quot;}\">\n\t\t\t\t<div class=\"elementor-shape elementor-shape-bottom\" aria-hidden=\"true\" data-negative=\"false\">\n\t\t\t<svg xmlns=\"http:\/\/www.w3.org\/2000\/svg\" viewbox=\"0 0 1000 100\" preserveaspectratio=\"none\">\n\t<path class=\"elementor-shape-fill\" opacity=\"0.33\" d=\"M473,67.3c-203.9,88.3-263.1-34-320.3,0C66,119.1,0,59.7,0,59.7V0h1000v59.7 c0,0-62.1,26.1-94.9,29.3c-32.8,3.3-62.8-12.3-75.8-22.1C806,49.6,745.3,8.7,694.9,4.7S492.4,59,473,67.3z\"\/>\n\t<path class=\"elementor-shape-fill\" opacity=\"0.66\" d=\"M734,67.3c-45.5,0-77.2-23.2-129.1-39.1c-28.6-8.7-150.3-10.1-254,39.1 s-91.7-34.4-149.2,0C115.7,118.3,0,39.8,0,39.8V0h1000v36.5c0,0-28.2-18.5-92.1-18.5C810.2,18.1,775.7,67.3,734,67.3z\"\/>\n\t<path class=\"elementor-shape-fill\" d=\"M766.1,28.9c-200-57.5-266,65.5-395.1,19.5C242,1.8,242,5.4,184.8,20.6C128,35.8,132.3,44.9,89.9,52.5C28.6,63.7,0,0,0,0 h1000c0,0-9.9,40.9-83.6,48.1S829.6,47,766.1,28.9z\"\/>\n<\/svg>\t\t<\/div>\n\t\t\t\t<div class=\"elementor-element elementor-element-1e544c8 elementor-widget elementor-widget-spacer\" data-id=\"1e544c8\" data-element_type=\"widget\" data-e-type=\"widget\" data-widget_type=\"spacer.default\">\n\t\t\t\t<div class=\"elementor-widget-container\">\n\t\t\t\t\t\t\t<div class=\"elementor-spacer\">\n\t\t\t<div class=\"elementor-spacer-inner\"><\/div>\n\t\t<\/div>\n\t\t\t\t\t\t<\/div>\n\t\t\t\t<\/div>\n\t\t\t\t<\/div>\n\t\t<div class=\"elementor-element elementor-element-c50567d e-con-full e-flex e-con e-parent\" data-id=\"c50567d\" data-element_type=\"container\" data-e-type=\"container\">\n\t\t\t\t<div class=\"elementor-element elementor-element-0f58e54 elementor-widget elementor-widget-text-editor\" data-id=\"0f58e54\" data-element_type=\"widget\" data-e-type=\"widget\" data-widget_type=\"text-editor.default\">\n\t\t\t\t<div class=\"elementor-widget-container\">\n\t\t\t\t\t\t\t\t\t<p>T\u00fa, en cambio, predica lo que est\u00e1 de acuerdo con la sana doctrina&#8230;.<\/p><p><span id=\"es-NVI-29912\" class=\"text Titus-2-3\">&#8230;A las ancianas, ens\u00e9\u00f1ales que sean reverentes en su conducta, y no calumniadoras ni adictas al mucho vino. Deben ense\u00f1ar lo bueno <\/span><span id=\"es-NVI-29913\" class=\"text Titus-2-4\">y aconsejar a las j\u00f3venes a amar a sus esposos y a sus hijos, <\/span><span id=\"es-NVI-29914\" class=\"text Titus-2-5\"><sup class=\"versenum\">\u00a0<\/sup>a ser sensatas y puras, cuidadosas del hogar, bondadosas y sumisas a sus esposos, para que no se hable mal de la palabra de Dios.<\/span><\/p><p><a class=\"vc\" href=\"https:\/\/dailyverses.net\/es\/proverbios\/31\/30\">1 Tito 2:1, 3-5<\/a><\/p><p><span class=\"v2\">Enga\u00f1oso es el encanto y pasajera la belleza; la mujer que teme al Se\u00f1or\u00a0es digna de alabanza.<\/span><\/p><div class=\"vr\"><a class=\"vc\" href=\"https:\/\/dailyverses.net\/es\/proverbios\/31\/30\">Proverbios 31:30<\/a><\/div><div>\u00a0<\/div><div><span class=\"v2\">Todo esto proviene de Dios, quien por medio de Cristo nos reconcili\u00f3 consigo mismo y nos dio el ministerio de la reconciliaci\u00f3n.<\/span><div class=\"vr\"><a class=\"vc\" href=\"https:\/\/dailyverses.net\/es\/2-corintios\/5\/18\">2 Corintios 5:18<\/a><\/div><div>\u00a0<\/div><\/div><div><span class=\"v2\">Quien halla esposa encuentra el bien<br \/>y recibe el favor del Se\u00f1or.<\/span><div class=\"vr\"><a class=\"vc\" href=\"https:\/\/dailyverses.net\/es\/proverbios\/18\/22\">Proverbios 18:22<\/a><\/div><div>\u00a0<\/div><\/div><div><span class=\"v2\">La casa y el dinero se heredan de los padres,<br \/>pero la esposa inteligente es un don del Se\u00f1or.<\/span><div class=\"vr\"><a class=\"vc\" href=\"https:\/\/dailyverses.net\/es\/proverbios\/19\/14\">Proverbios 19:14<\/a><\/div><div>\u00a0<\/div><div><span class=\"v2\">Esposas, som\u00e9tanse a sus propios esposos como al Se\u00f1or. Porque el esposo es cabeza de su esposa, as\u00ed como Cristo es cabeza de la iglesia, la cual es su cuerpo, y \u00e9l su Salvador.<\/span><div class=\"vr\"><a class=\"vc\" href=\"https:\/\/dailyverses.net\/es\/efesios\/5\/22-23\">Efesios 5:22-2<\/a><a class=\"vc\" href=\"https:\/\/dailyverses.net\/es\/efesios\/5\/22-23\">3<\/a><\/div><div>\u00a0<\/div><\/div><div><span class=\"v2\">Esposas, som\u00e9tanse a sus esposos, como conviene en el Se\u00f1or. Esposos, amen a sus esposas y no sean duros con ellas.<\/span><div class=\"vr\"><a class=\"vc\" href=\"https:\/\/dailyverses.net\/es\/colosenses\/3\/18-19\">Colosenses 3:18-19<\/a><\/div><\/div><\/div>\t\t\t\t\t\t\t\t<\/div>\n\t\t\t\t<\/div>\n\t\t\t\t<\/div>\n\t\t\t\t<\/div>","protected":false},"excerpt":{"rendered":"<p>T\u00fa, en cambio, predica lo que est\u00e1 de acuerdo con la sana doctrina&#8230;. &#8230;A las ancianas, ens\u00e9\u00f1ales que sean reverentes en su conducta, y no calumniadoras ni adictas al mucho vino. Deben ense\u00f1ar lo bueno y aconsejar a las j\u00f3venes a amar a sus esposos y a sus hijos, \u00a0a ser sensatas y puras, cuidadosas [&hellip;]<\/p>\n","protected":false},"author":1,"featured_media":0,"parent":0,"menu_order":0,"comment_status":"closed","ping_status":"closed","template":"","meta":{"give_campaign_id":0,"_themeisle_gutenberg_block_has_review":false,"footnotes":""},"class_list":["post-3526","page","type-page","status-publish","hentry"],"campaignId":"","_links":{"self":[{"href":"https:\/\/mujeresradiantes.ca\/en_ca\/wp-json\/wp\/v2\/pages\/3526","targetHints":{"allow":["GET"]}}],"collection":[{"href":"https:\/\/mujeresradiantes.ca\/en_ca\/wp-json\/wp\/v2\/pages"}],"about":[{"href":"https:\/\/mujeresradiantes.ca\/en_ca\/wp-json\/wp\/v2\/types\/page"}],"author":[{"embeddable":true,"href":"https:\/\/mujeresradiantes.ca\/en_ca\/wp-json\/wp\/v2\/users\/1"}],"replies":[{"embeddable":true,"href":"https:\/\/mujeresradiantes.ca\/en_ca\/wp-json\/wp\/v2\/comments?post=3526"}],"version-history":[{"count":10,"href":"https:\/\/mujeresradiantes.ca\/en_ca\/wp-json\/wp\/v2\/pages\/3526\/revisions"}],"predecessor-version":[{"id":3538,"href":"https:\/\/mujeresradiantes.ca\/en_ca\/wp-json\/wp\/v2\/pages\/3526\/revisions\/3538"}],"wp:attachment":[{"href":"https:\/\/mujeresradiantes.ca\/en_ca\/wp-json\/wp\/v2\/media?parent=3526"}],"curies":[{"name":"wp","href":"https:\/\/api.w.org\/{rel}","templated":true}]}}