{"id":3539,"date":"2026-04-29T00:51:39","date_gmt":"2026-04-29T00:51:39","guid":{"rendered":"https:\/\/mujeresradiantes.ca\/?page_id=3539"},"modified":"2026-04-29T00:52:43","modified_gmt":"2026-04-29T00:52:43","slug":"predicacion-audaz","status":"publish","type":"page","link":"https:\/\/mujeresradiantes.ca\/en_ca\/predicacion-audaz\/","title":{"rendered":"PREDICACI\u00d3N AUDAZ"},"content":{"rendered":"<div data-elementor-type=\"wp-page\" data-elementor-id=\"3539\" class=\"elementor elementor-3539\" data-elementor-post-type=\"page\">\n\t\t\t\t<div class=\"elementor-element elementor-element-924651f e-con-full e-flex e-con e-parent\" data-id=\"924651f\" data-element_type=\"container\" data-e-type=\"container\" data-settings=\"{&quot;background_background&quot;:&quot;classic&quot;}\">\n\t\t\t\t<div class=\"elementor-element elementor-element-936144e elementor-widget elementor-widget-spacer\" data-id=\"936144e\" data-element_type=\"widget\" data-e-type=\"widget\" data-widget_type=\"spacer.default\">\n\t\t\t\t<div class=\"elementor-widget-container\">\n\t\t\t\t\t\t\t<div class=\"elementor-spacer\">\n\t\t\t<div class=\"elementor-spacer-inner\"><\/div>\n\t\t<\/div>\n\t\t\t\t\t\t<\/div>\n\t\t\t\t<\/div>\n\t\t\t\t<\/div>\n\t\t<div class=\"elementor-element elementor-element-3b1fd85 e-con-full e-flex e-con e-parent\" data-id=\"3b1fd85\" data-element_type=\"container\" data-e-type=\"container\">\n\t\t\t\t<div class=\"elementor-element elementor-element-0bdd9b6 elementor-widget elementor-widget-text-editor\" data-id=\"0bdd9b6\" data-element_type=\"widget\" data-e-type=\"widget\" data-widget_type=\"text-editor.default\">\n\t\t\t\t<div class=\"elementor-widget-container\">\n\t\t\t\t\t\t\t\t\t<p><span class=\"v2\">Predica la palabra; persiste en hacerlo, sea o no sea oportuno; corrige, reprende y anima con mucha paciencia, sin dejar de ense\u00f1ar.<\/span><\/p><div class=\"vr\"><a class=\"vc\" href=\"https:\/\/dailyverses.net\/es\/2-timoteo\/4\/2\">2 Timoteo 4:2<\/a><\/div><div>\u00a0<\/div><div><span class=\"v2\">T\u00fa, en cambio, predica lo que est\u00e1 de acuerdo con la sana doctrina.<\/span><div class=\"vr\"><a class=\"vc\" href=\"https:\/\/dailyverses.net\/es\/tito\/2\/1\">Tito 2:1<\/a><\/div><div>\u00a0<\/div><div><span class=\"v2\">Y este evangelio del reino se predicar\u00e1 en todo el mundo como testimonio a todas las naciones; entonces vendr\u00e1 el fin.<\/span><\/div><div><div class=\"vr\"><a class=\"vc\" href=\"https:\/\/dailyverses.net\/es\/mateo\/24\/14\">Mateo 24:14<\/a><\/div><div>\u00a0<\/div><div><span class=\"v2\">A la verdad, no me averg\u00fcenzo del evangelio, pues es poder de Dios para la salvaci\u00f3n de todos los que creen: de los jud\u00edos primeramente, pero tambi\u00e9n de los que no son jud\u00edos.<\/span><div class=\"vr\"><a class=\"vc\" href=\"https:\/\/dailyverses.net\/es\/romanos\/1\/16\">Romanos 1:16<\/a><\/div><div>\u00a0<\/div><div><span class=\"v2\">Ahora, hermanos, quiero recordarles las buenas noticias que les prediqu\u00e9, las mismas que recibieron y en las cuales se mantienen firmes. Mediante estas buenas noticias son salvos, si se aferran a la palabra que les prediqu\u00e9. De otro modo, habr\u00e1n cre\u00eddo en vano.<\/span><div class=\"vr\"><a class=\"vc\" href=\"https:\/\/dailyverses.net\/es\/1-corintios\/15\/1-2\">1 Corintios 15:1-2<\/a><\/div><div>\u00a0<\/div><\/div><div><span class=\"v2\">As\u00ed que la fe viene como resultado de o\u00edr el mensaje y el mensaje que se oye es la palabra de Cristo.<\/span><div class=\"vr\"><a class=\"vc\" href=\"https:\/\/dailyverses.net\/es\/romanos\/10\/17\">Romanos 10:17<\/a><\/div><div>\u00a0<\/div><div><span class=\"v2\">No se contenten solo con o\u00edr la palabra, pues as\u00ed se enga\u00f1an ustedes mismos. Ll\u00e9venla a la pr\u00e1ctica.<\/span><div class=\"vr\"><a class=\"vc\" href=\"https:\/\/dailyverses.net\/es\/santiago\/1\/22\">Santiago 1:22<\/a><\/div><\/div><\/div><\/div><\/div><\/div>\t\t\t\t\t\t\t\t<\/div>\n\t\t\t\t<\/div>\n\t\t\t\t<\/div>\n\t\t\t\t<\/div>","protected":false},"excerpt":{"rendered":"<p>Predica la palabra; persiste en hacerlo, sea o no sea oportuno; corrige, reprende y anima con mucha paciencia, sin dejar de ense\u00f1ar. 2 Timoteo 4:2\u00a0T\u00fa, en cambio, predica lo que est\u00e1 de acuerdo con la sana doctrina.Tito 2:1\u00a0Y este evangelio del reino se predicar\u00e1 en todo el mundo como testimonio a todas las naciones; entonces [&hellip;]<\/p>\n","protected":false},"author":1,"featured_media":0,"parent":0,"menu_order":0,"comment_status":"closed","ping_status":"closed","template":"","meta":{"give_campaign_id":0,"_themeisle_gutenberg_block_has_review":false,"footnotes":""},"class_list":["post-3539","page","type-page","status-publish","hentry"],"campaignId":"","_links":{"self":[{"href":"https:\/\/mujeresradiantes.ca\/en_ca\/wp-json\/wp\/v2\/pages\/3539","targetHints":{"allow":["GET"]}}],"collection":[{"href":"https:\/\/mujeresradiantes.ca\/en_ca\/wp-json\/wp\/v2\/pages"}],"about":[{"href":"https:\/\/mujeresradiantes.ca\/en_ca\/wp-json\/wp\/v2\/types\/page"}],"author":[{"embeddable":true,"href":"https:\/\/mujeresradiantes.ca\/en_ca\/wp-json\/wp\/v2\/users\/1"}],"replies":[{"embeddable":true,"href":"https:\/\/mujeresradiantes.ca\/en_ca\/wp-json\/wp\/v2\/comments?post=3539"}],"version-history":[{"count":4,"href":"https:\/\/mujeresradiantes.ca\/en_ca\/wp-json\/wp\/v2\/pages\/3539\/revisions"}],"predecessor-version":[{"id":3544,"href":"https:\/\/mujeresradiantes.ca\/en_ca\/wp-json\/wp\/v2\/pages\/3539\/revisions\/3544"}],"wp:attachment":[{"href":"https:\/\/mujeresradiantes.ca\/en_ca\/wp-json\/wp\/v2\/media?parent=3539"}],"curies":[{"name":"wp","href":"https:\/\/api.w.org\/{rel}","templated":true}]}}