{"id":3548,"date":"2026-04-29T01:10:02","date_gmt":"2026-04-29T01:10:02","guid":{"rendered":"https:\/\/mujeresradiantes.ca\/?page_id=3548"},"modified":"2026-04-29T01:16:51","modified_gmt":"2026-04-29T01:16:51","slug":"discipulas-con-proposito","status":"publish","type":"page","link":"https:\/\/mujeresradiantes.ca\/en_ca\/discipulas-con-proposito\/","title":{"rendered":"DISC\u00cdPULAS CON PROP\u00d3SITO"},"content":{"rendered":"<div data-elementor-type=\"wp-page\" data-elementor-id=\"3548\" class=\"elementor elementor-3548\" data-elementor-post-type=\"page\">\n\t\t\t\t<div class=\"elementor-element elementor-element-80a1042 e-con-full e-flex e-con e-parent\" data-id=\"80a1042\" data-element_type=\"container\" data-e-type=\"container\" data-settings=\"{&quot;background_background&quot;:&quot;classic&quot;}\">\n\t\t\t\t<div class=\"elementor-element elementor-element-10814bc elementor-widget elementor-widget-spacer\" data-id=\"10814bc\" data-element_type=\"widget\" data-e-type=\"widget\" data-widget_type=\"spacer.default\">\n\t\t\t\t<div class=\"elementor-widget-container\">\n\t\t\t\t\t\t\t<div class=\"elementor-spacer\">\n\t\t\t<div class=\"elementor-spacer-inner\"><\/div>\n\t\t<\/div>\n\t\t\t\t\t\t<\/div>\n\t\t\t\t<\/div>\n\t\t\t\t<\/div>\n\t\t<div class=\"elementor-element elementor-element-d177981 e-con-full e-flex e-con e-parent\" data-id=\"d177981\" data-element_type=\"container\" data-e-type=\"container\">\n\t\t\t\t<div class=\"elementor-element elementor-element-5c8f9d8 elementor-widget elementor-widget-text-editor\" data-id=\"5c8f9d8\" data-element_type=\"widget\" data-e-type=\"widget\" data-widget_type=\"text-editor.default\">\n\t\t\t\t<div class=\"elementor-widget-container\">\n\t\t\t\t\t\t\t\t\t<p><span class=\"v2\">Por tanto, vayan y hagan disc\u00edpulos de todas las naciones, bautiz\u00e1ndolos en el nombre del Padre y del Hijo y del Esp\u00edritu Santo, ense\u00f1\u00e1ndoles a obedecer todo lo que les he mandado a ustedes. Y les aseguro que estar\u00e9 con ustedes siempre, hasta el fin del mundo.<\/span><\/p><div class=\"vr\"><a class=\"vc\" href=\"https:\/\/dailyverses.net\/es\/mateo\/28\/19-20\">Mateo 28:19-20<\/a><\/div><div><span class=\"v2\">Mi Padre es glorificado cuando ustedes dan mucho fruto y muestran as\u00ed que son mis disc\u00edpulos.<\/span><div class=\"vr\"><a class=\"vc\" href=\"https:\/\/dailyverses.net\/es\/juan\/15\/8\">Juan 15:8<\/a><\/div><div>\u00a0<\/div><div><span class=\"v2\">De este modo todos sabr\u00e1n que son mis disc\u00edpulos, si se aman los unos a los otros.<\/span><div class=\"vr\"><a class=\"vc\" href=\"https:\/\/dailyverses.net\/es\/juan\/13\/35\">Juan 13:35<\/a><\/div><div>\u00a0<\/div><div><span class=\"v2\">Entonces llam\u00f3 a la multitud y a sus disc\u00edpulos. \u2014Si alguien quiere ser mi disc\u00edpulo \u2014dijo\u2014, que se niegue a s\u00ed mismo, tome su cruz y me siga.<\/span><div class=\"vr\"><a class=\"vc\" href=\"https:\/\/dailyverses.net\/es\/marcos\/8\/34\">Marcos 8:34<\/a><\/div><div>\u00a0<\/div><div><span class=\"v2\">Jes\u00fas se dirigi\u00f3 entonces a los jud\u00edos que hab\u00edan cre\u00eddo en \u00e9l, y les dijo: \u2014Si se mantienen fieles a mis palabras, ser\u00e1n realmente mis disc\u00edpulos; y conocer\u00e1n la verdad, y la verdad los har\u00e1 libres.<\/span><div class=\"vr\"><a class=\"vc\" href=\"https:\/\/dailyverses.net\/es\/juan\/8\/31-32\">Juan 8:31-32<\/a><\/div><\/div><\/div><\/div><\/div>\t\t\t\t\t\t\t\t<\/div>\n\t\t\t\t<\/div>\n\t\t\t\t<\/div>\n\t\t\t\t<\/div>","protected":false},"excerpt":{"rendered":"<p>Por tanto, vayan y hagan disc\u00edpulos de todas las naciones, bautiz\u00e1ndolos en el nombre del Padre y del Hijo y del Esp\u00edritu Santo, ense\u00f1\u00e1ndoles a obedecer todo lo que les he mandado a ustedes. Y les aseguro que estar\u00e9 con ustedes siempre, hasta el fin del mundo. Mateo 28:19-20Mi Padre es glorificado cuando ustedes dan [&hellip;]<\/p>\n","protected":false},"author":1,"featured_media":0,"parent":0,"menu_order":0,"comment_status":"closed","ping_status":"closed","template":"","meta":{"give_campaign_id":0,"_themeisle_gutenberg_block_has_review":false,"footnotes":""},"class_list":["post-3548","page","type-page","status-publish","hentry"],"campaignId":"","_links":{"self":[{"href":"https:\/\/mujeresradiantes.ca\/en_ca\/wp-json\/wp\/v2\/pages\/3548","targetHints":{"allow":["GET"]}}],"collection":[{"href":"https:\/\/mujeresradiantes.ca\/en_ca\/wp-json\/wp\/v2\/pages"}],"about":[{"href":"https:\/\/mujeresradiantes.ca\/en_ca\/wp-json\/wp\/v2\/types\/page"}],"author":[{"embeddable":true,"href":"https:\/\/mujeresradiantes.ca\/en_ca\/wp-json\/wp\/v2\/users\/1"}],"replies":[{"embeddable":true,"href":"https:\/\/mujeresradiantes.ca\/en_ca\/wp-json\/wp\/v2\/comments?post=3548"}],"version-history":[{"count":6,"href":"https:\/\/mujeresradiantes.ca\/en_ca\/wp-json\/wp\/v2\/pages\/3548\/revisions"}],"predecessor-version":[{"id":3556,"href":"https:\/\/mujeresradiantes.ca\/en_ca\/wp-json\/wp\/v2\/pages\/3548\/revisions\/3556"}],"wp:attachment":[{"href":"https:\/\/mujeresradiantes.ca\/en_ca\/wp-json\/wp\/v2\/media?parent=3548"}],"curies":[{"name":"wp","href":"https:\/\/api.w.org\/{rel}","templated":true}]}}