{"id":3557,"date":"2026-04-29T01:41:14","date_gmt":"2026-04-29T01:41:14","guid":{"rendered":"https:\/\/mujeresradiantes.ca\/?page_id=3557"},"modified":"2026-04-29T01:41:42","modified_gmt":"2026-04-29T01:41:42","slug":"ministerio-mujeres-cautivas","status":"publish","type":"page","link":"https:\/\/mujeresradiantes.ca\/en_ca\/ministerio-mujeres-cautivas\/","title":{"rendered":"MINISTERIO &#8220;MUJERES CAUTIVAS&#8221;"},"content":{"rendered":"<div data-elementor-type=\"wp-page\" data-elementor-id=\"3557\" class=\"elementor elementor-3557\" data-elementor-post-type=\"page\">\n\t\t\t\t<div class=\"elementor-element elementor-element-187251e e-con-full e-flex e-con e-parent\" data-id=\"187251e\" data-element_type=\"container\" data-e-type=\"container\" data-settings=\"{&quot;background_background&quot;:&quot;classic&quot;}\">\n\t\t\t\t<div class=\"elementor-element elementor-element-f8dd551 elementor-widget elementor-widget-spacer\" data-id=\"f8dd551\" data-element_type=\"widget\" data-e-type=\"widget\" data-widget_type=\"spacer.default\">\n\t\t\t\t<div class=\"elementor-widget-container\">\n\t\t\t\t\t\t\t<div class=\"elementor-spacer\">\n\t\t\t<div class=\"elementor-spacer-inner\"><\/div>\n\t\t<\/div>\n\t\t\t\t\t\t<\/div>\n\t\t\t\t<\/div>\n\t\t\t\t<\/div>\n\t\t<div class=\"elementor-element elementor-element-6a36479 e-con-full e-flex e-con e-parent\" data-id=\"6a36479\" data-element_type=\"container\" data-e-type=\"container\">\n\t\t\t\t<div class=\"elementor-element elementor-element-cb33a8e elementor-widget elementor-widget-text-editor\" data-id=\"cb33a8e\" data-element_type=\"widget\" data-e-type=\"widget\" data-widget_type=\"text-editor.default\">\n\t\t\t\t<div class=\"elementor-widget-container\">\n\t\t\t\t\t\t\t\t\t<p>Acu\u00e9rdense de los presos, como si ustedes fueran sus compa\u00f1eros de c\u00e1rcel, y tambi\u00e9n de los que son maltratados, como si fueran ustedes mismos los que sufren.<\/p><div><a class=\"vc\" href=\"https:\/\/dailyverses.net\/es\/lucas\/4\/18\">Hebrews 13:3<\/a><\/div><p><span class=\"v2\">El Esp\u00edritu del Se\u00f1or est\u00e1 sobre m\u00ed, por cuanto me ha ungidopara anunciar buenas noticias a los pobres.<br \/>Me ha enviado a proclamar libertad a los cautivos y dar vista a los ciegos, a poner en libertad a los oprimidos.<\/span><\/p><div class=\"vr\"><a class=\"vc\" href=\"https:\/\/dailyverses.net\/es\/lucas\/4\/18\">Lucas 4:18<\/a><\/div><div>\u00a0<\/div><div><span class=\"v2\">Ahora bien, el Se\u00f1or es el Esp\u00edritu, y donde est\u00e1 el Esp\u00edritu del Se\u00f1or, all\u00ed hay libertad.<\/span><div class=\"vr\"><a class=\"vc\" href=\"https:\/\/dailyverses.net\/es\/2-corintios\/3\/17\">2 Corintios 3:17<\/a><\/div><div>\u00a0<\/div><div><span class=\"v2\">As\u00ed que, si el Hijo los libera, ser\u00e1n ustedes verdaderamente libres.<\/span><div class=\"vr\"><a class=\"vc\" href=\"https:\/\/dailyverses.net\/es\/juan\/8\/36\">Juan 8:36<\/a><\/div><div>\u00a0<\/div><\/div><div><span class=\"v2\">Por lo tanto, ya no hay ninguna condenaci\u00f3n para los que est\u00e1n en Cristo Jes\u00fas, pues por medio de \u00e9l la ley del Esp\u00edritu de vida te ha liberado de la ley del pecado y de la muerte.<\/span><div class=\"vr\"><a class=\"vc\" href=\"https:\/\/dailyverses.net\/es\/romanos\/8\/1-2\">Romanos 8:1-2<\/a><\/div><\/div><\/div>\t\t\t\t\t\t\t\t<\/div>\n\t\t\t\t<\/div>\n\t\t\t\t<\/div>\n\t\t\t\t<\/div>","protected":false},"excerpt":{"rendered":"<p>Acu\u00e9rdense de los presos, como si ustedes fueran sus compa\u00f1eros de c\u00e1rcel, y tambi\u00e9n de los que son maltratados, como si fueran ustedes mismos los que sufren. Hebreos 13:3 El Esp\u00edritu del Se\u00f1or est\u00e1 sobre m\u00ed, por cuanto me ha ungidopara anunciar buenas noticias a los pobres.Me ha enviado a proclamar libertad a los cautivos [&hellip;]<\/p>\n","protected":false},"author":1,"featured_media":0,"parent":0,"menu_order":0,"comment_status":"closed","ping_status":"closed","template":"","meta":{"give_campaign_id":0,"_themeisle_gutenberg_block_has_review":false,"footnotes":""},"class_list":["post-3557","page","type-page","status-publish","hentry"],"campaignId":"","_links":{"self":[{"href":"https:\/\/mujeresradiantes.ca\/en_ca\/wp-json\/wp\/v2\/pages\/3557","targetHints":{"allow":["GET"]}}],"collection":[{"href":"https:\/\/mujeresradiantes.ca\/en_ca\/wp-json\/wp\/v2\/pages"}],"about":[{"href":"https:\/\/mujeresradiantes.ca\/en_ca\/wp-json\/wp\/v2\/types\/page"}],"author":[{"embeddable":true,"href":"https:\/\/mujeresradiantes.ca\/en_ca\/wp-json\/wp\/v2\/users\/1"}],"replies":[{"embeddable":true,"href":"https:\/\/mujeresradiantes.ca\/en_ca\/wp-json\/wp\/v2\/comments?post=3557"}],"version-history":[{"count":4,"href":"https:\/\/mujeresradiantes.ca\/en_ca\/wp-json\/wp\/v2\/pages\/3557\/revisions"}],"predecessor-version":[{"id":3562,"href":"https:\/\/mujeresradiantes.ca\/en_ca\/wp-json\/wp\/v2\/pages\/3557\/revisions\/3562"}],"wp:attachment":[{"href":"https:\/\/mujeresradiantes.ca\/en_ca\/wp-json\/wp\/v2\/media?parent=3557"}],"curies":[{"name":"wp","href":"https:\/\/api.w.org\/{rel}","templated":true}]}}